{"id":2,"date":"2021-04-20T09:39:32","date_gmt":"2021-04-20T07:39:32","guid":{"rendered":"https:\/\/dev.mscv.cz\/ms-kamarad\/?page_id=2"},"modified":"2024-05-21T21:09:13","modified_gmt":"2024-05-21T19:09:13","slug":"zkusebni-stranka","status":"publish","type":"page","link":"https:\/\/mscv.cz\/ms-kamarad\/","title":{"rendered":"Charakteristika \u0161koly"},"content":{"rendered":"<p>Mate\u0159sk\u00e1 \u0161kola R\u016f\u017eov\u00e1 5255 vznikla 30.10.1983.<br \/>\n1.1.2003 vznikla Mate\u0159sk\u00e1 \u0161kola Chomutov, p\u0159\u00edsp\u011bvkov\u00e1 organizace, jej\u00ed\u017e jsme sou\u010d\u00e1st\u00ed.<br \/>\nBudova \u0161koly je panelov\u00e9ho typu, pavil\u00f3nov\u00e1, dvoupodla\u017en\u00ed, slou\u017e\u00ed zdrav\u00fdm d\u011btem i d\u011btem se speci\u00e1ln\u00edmi vzd\u011bl\u00e1vac\u00edmi pot\u0159ebami (d\u00e1le jen SVP).<br \/>\n\u0160kola je slo\u017eena ze 3 pavilon\u016f . V pavilonu A a B se nach\u00e1zej\u00ed v 1. a 2. podla\u017e\u00ed t\u0159\u00eddy, herny, kter\u00e9 slou\u017e\u00ed i jako lo\u017enice, soci\u00e1ln\u00ed za\u0159\u00edzen\u00ed pro d\u011bti, \u0161atny d\u011bt\u00ed, standardn\u011b vybaven\u00e9 kuchy\u0148ky, z\u00e1zem\u00ed pro zam\u011bstnance.<br \/>\nV pavilonu C se nach\u00e1z\u00ed 1 t\u0159\u00edda pro d\u011bti s upraven\u00fdm vzd\u011bl\u00e1vac\u00edm programem, d\u00e1le provozn\u00ed z\u00e1zem\u00ed \u2013 kuchyn\u011b, sklady, \u0161atna pro kucha\u0159ky, pr\u00e1delna, su\u0161\u00e1rna, sborovna, kancel\u00e1\u0159 z\u00e1stupkyn\u011b \u0159editelky.<\/p>\n<p><img loading=\"lazy\" decoding=\"async\" class=\"alignleft wp-image-32\" src=\"https:\/\/mscv.cz\/ms-kamarad\/wp-content\/uploads\/sites\/14\/2021\/08\/ruzova1.jpg\" alt=\"\" width=\"265\" height=\"199\" \/><\/p>\n<p>Kapacita sou\u010d\u00e1sti \u0161koly je 121 m\u00edst.<\/p>\n<p>Po\u010det t\u0159\u00edd je \u0161est: 3 t\u0159\u00eddy b\u011b\u017en\u00e9ho typu, 3 t\u0159\u00eddy s upraven\u00fdm vzd\u011bl\u00e1vac\u00edm programem, z toho 1 t\u0159\u00edda pro d\u011bti se z\u00e1va\u017en\u00fdmi vadami \u0159e\u010di a 2 t\u0159\u00eddy pro d\u011bti se soub\u011b\u017en\u00fdm posti\u017een\u00edm v\u00edce vadami.<\/p>\n<p>T\u0159\u00eddy jsou heterogenn\u00ed (sm\u00ed\u0161en\u00e9). V 1. &#8211; 4. t\u0159\u00edd\u011b pracujeme podle vzd\u011bl\u00e1vac\u00edho programu &#8222;Za\u010d\u00edt spolu&#8220;, kter\u00fd je souladu s R\u00e1mcov\u00fdm vzd\u011bl\u00e1vac\u00edm programem pro p\u0159ed\u0161koln\u00ed vzd\u011bl\u00e1v\u00e1n\u00ed (v\u00edce o vzd\u011bl\u00e1v\u00e1n\u00ed\u00a0 v z\u00e1lo\u017ece \u0160koln\u00ed vzd\u011bl\u00e1vac\u00ed program pro p\u0159ed\u0161koln\u00ed vzd\u011bl\u00e1v\u00e1n\u00ed).<\/p>\n<p>Provoz \u0161koly: 6:00 \u2013 16:30 hod.<br \/>\nProvoz M\u0160 ka\u017edoro\u010dn\u011b vyhodnocujeme, vych\u00e1z\u00edme vst\u0159\u00edc rodi\u010d\u016fm s ohledem na pot\u0159ebu d\u011bt\u00ed tr\u00e1vit dostatek \u010dasu v rodinn\u00e9m prost\u0159ed\u00ed.<br \/>\nProvoz \u0161koly b\u00fdv\u00e1 p\u0159eru\u0161en v prosinci v dob\u011b v\u00e1no\u010dn\u00edch pr\u00e1zdnin a v letn\u00edch m\u011bs\u00edc\u00edch \u010dervenec a srpen. V tomto obdob\u00ed je zabezpe\u010den pobyt d\u00edt\u011bte na jin\u00e9 sou\u010d\u00e1sti.<br \/>\nLokalita \u0161koly: klidn\u00e9 s\u00eddli\u0161tn\u00ed prost\u0159ed\u00ed na okraji m\u011bsta u mal\u00e9ho les\u00edka, v t\u011bsn\u00e9 bl\u00edzkosti m\u011bsta Jirkova. P\u0159ed mate\u0159skou \u0161kolou se rozkl\u00e1d\u00e1 velk\u00e9 parkovi\u0161t\u011b. Dopravn\u00ed obslu\u017enost je zaji\u0161\u0165ov\u00e1na trolejbusy. Nedaleko \u0161koly se nach\u00e1zej\u00ed dv\u011b z\u00e1kladn\u00ed \u0161koly, Kulturn\u00ed d\u016fm Zahradn\u00ed.<\/p>\n<p>\u0160kola ve \u0161koln\u00edm roce 2017\/2018 pro\u0161la celkovou rekonstrukc\u00ed (zateplen\u00ed, nov\u00e1 fas\u00e1da, v\u00fdm\u011bna oken, oprava st\u0159echy&#8230;). \u0160kolu obklopuje rozs\u00e1hl\u00e1 zahrada pest\u0159e os\u00e1zen\u00e1 d\u0159evinami, poskytuje st\u00edn i slunce a mo\u017enost celoro\u010dn\u00edho vyu\u017e\u00edv\u00e1n\u00ed. Zahrada je neust\u00e1le udr\u017eov\u00e1na, je vybavena alt\u00e1nem, skluzavkou, kresl\u00edc\u00ed tabul\u00ed, 4 p\u00edskovi\u0161ti a je d\u00e1le postupn\u011b vybavov\u00e1na. Hra\u010dky a pom\u016fcky vyu\u017e\u00edvan\u00e9 na \u0161koln\u00ed zahrad\u011b jsou postupn\u011b obnovov\u00e1ny a dopl\u0148ov\u00e1ny a jsou ulo\u017eeny v p\u0159\u00edstavku budovy.<\/p>\n<p><iframe loading=\"lazy\" title=\"M\u0160 Chomutov, Kamar\u00e1d, R\u016f\u017eov\u00e1 ulice\" width=\"500\" height=\"281\" src=\"https:\/\/www.youtube.com\/embed\/mZRKq8nJ3AM?feature=oembed\" frameborder=\"0\" allow=\"accelerometer; autoplay; clipboard-write; encrypted-media; gyroscope; picture-in-picture; web-share\" referrerpolicy=\"strict-origin-when-cross-origin\" allowfullscreen><\/iframe><\/p>\n<p>Stav budovy<br \/>\nPravideln\u011b jednou ro\u010dn\u011b prov\u00e1d\u00edme prov\u011brku BOZP, z n\u00ed\u017e p\u0159ij\u00edm\u00e1me opat\u0159en\u00ed k udr\u017een\u00ed a zlep\u0161ov\u00e1n\u00ed technick\u00e9ho stavu budovy.<\/p>\n<p>Uspo\u0159\u00e1d\u00e1n\u00ed prostor, vyu\u017eitelnost<br \/>\nMate\u0159sk\u00e1 \u0161kola m\u00e1 dostate\u010dn\u011b velk\u00e9 prostory, kter\u00e9 vyhovuj\u00ed v\u0161em \u010dinnostem d\u011bt\u00ed. Prostorov\u00e9 uspo\u0159\u00e1d\u00e1n\u00ed je pr\u016fb\u011b\u017en\u011b upravov\u00e1no tak, aby bylo funk\u010dn\u00ed a vyhovovalo bezpe\u010dnostn\u00edm podm\u00ednk\u00e1m p\u0159i aktivit\u00e1ch d\u011bt\u00ed. Uspo\u0159\u00e1d\u00e1n\u00ed n\u00e1bytku poskytuje prostor pro \u010dinnosti kolektivn\u00ed, ale zohled\u0148uje i pot\u0159eby d\u011bt\u00ed, up\u0159ednost\u0148uj\u00edc\u00edch soukrom\u00ed. D\u00e1le uspo\u0159\u00e1d\u00e1n\u00ed t\u0159\u00eddy koresponduje se vzd\u011bl\u00e1vac\u00edm programem Za\u010d\u00edt spolu &#8211; t\u0159\u00edda je rozd\u011blena na centra aktivit.<br \/>\nNa pavilonu A se nach\u00e1zej\u00ed v 1.a ve 2. podla\u017e\u00ed t\u0159\u00eddy, na kter\u00e9 navazuj\u00ed herny. V 1. podla\u017e\u00ed jsou 2 t\u0159\u00eddy s upraven\u00fdm vzd\u011bl\u00e1vac\u00edm programem \u2013 t\u0159\u00edda logopedick\u00e1 a t\u0159\u00edda pro d\u011bti se soub\u011b\u017en\u00fdm posti\u017een\u00edm v\u00edce vadami, kter\u00e1 je um\u00edst\u011bna v prostor\u00e1ch herny. Tuto hernu vyu\u017e\u00edvaj\u00ed d\u011bti i k poledn\u00edmu odpo\u010dinku. Ve druh\u00e9m podla\u017e\u00ed se nach\u00e1z\u00ed t\u0159\u00edda b\u011b\u017en\u00e1. Lo\u017enici vyu\u017e\u00edvaj\u00ed k odpo\u010dinku i d\u011bti z logopedick\u00e9 t\u0159\u00eddy. U ka\u017ed\u00e9 t\u0159\u00eddy se nach\u00e1z\u00ed d\u011btsk\u00e9 soci\u00e1ln\u00ed za\u0159\u00edzen\u00ed, kter\u00e9 je nov\u011b zrekonstruovan\u00e9, d\u00e1le \u0161atna d\u011bt\u00ed a zam\u011bstnanc\u016f, kuchy\u0148ka pro v\u00fddej stravy.<br \/>\nNa pavilonu B se nach\u00e1zej\u00ed v 1. a 2. podla\u017e\u00ed t\u0159\u00eddy, na t\u0159\u00eddy navazuj\u00ed herny, kter\u00e9 slou\u017e\u00ed i k poledn\u00edmu odpo\u010dinku d\u011bt\u00ed. U t\u0159\u00edd jsou zrekonstruovan\u00e1 d\u011btsk\u00e1 soci\u00e1ln\u00ed za\u0159\u00edzen\u00ed, na t\u0159\u00eddy navazuj\u00ed d\u011btsk\u00e9 \u0161atny a \u0161atny pro zam\u011bstnance, u ka\u017ed\u00e9 t\u0159\u00eddy je op\u011bt kuchy\u0148ka pro v\u00fddej stravy.<br \/>\nPavilon C je hospod\u00e1\u0159sk\u00e1 \u010d\u00e1st \u0161koly. Zde se nach\u00e1z\u00ed \u0161koln\u00ed kuchyn\u011b, p\u0159ilehl\u00e9 sklady, z\u00e1zem\u00ed pro kucha\u0159ky, kancel\u00e1\u0159 pro vedouc\u00ed \u0161koln\u00ed j\u00eddelny, pr\u00e1delna, su\u0161\u00e1rna, p\u0159ilehl\u00e9 sklady, d\u00e1le sborovna, kancel\u00e1\u0159 pro z\u00e1stupkyni \u0159editelky a p\u016fvodn\u011b bytov\u00e1 jednotka, ze kter\u00e9 byla ve \u0161koln\u00edm roce 2012\/2013 z\u0159\u00edzena dal\u0161\u00ed t\u0159\u00edda s upraven\u00fdm vzd\u011bl\u00e1vac\u00edm programem<\/p>\n<p>Materi\u00e1ln\u00ed vybaven\u00ed \u0161koly<br \/>\n\u0160kola zaji\u0161\u0165uje obnovu a rozvoj materi\u00e1ln\u00edch podm\u00ednek pro realizaci \u0160VP PV v souladu se \u0161kolsk\u00fdm z\u00e1konem a R\u00e1mcov\u00fdm vzd\u011bl\u00e1vac\u00edm programem pro p\u0159ed\u0161koln\u00ed vzd\u011bl\u00e1v\u00e1n\u00ed.<br \/>\nV\u0161echny t\u0159\u00eddy jsou vybaveny estetick\u00fdm a funk\u010dn\u00edm d\u011btsk\u00fdm n\u00e1bytkem, PC sestavami, nov\u00fdmi koberci, lo\u017enice jsou vybaveny antialergick\u00fdmi leh\u00e1tky. Ve t\u0159\u00edd\u00e1ch je nov\u00e9 linoleum, nov\u00e9 kryty na \u00fast\u0159edn\u00ed topen\u00ed, na lo\u017enic\u00edch t\u0159\u00edd jsou vestav\u011bn\u00e9 sk\u0159\u00edn\u011b na ukl\u00e1d\u00e1n\u00ed leh\u00e1tek a l\u016f\u017ekovin. T\u00edm se n\u00e1m zv\u011bt\u0161il prostor pro \u010dinnosti d\u011bt\u00ed.<br \/>\nT\u0159\u00eddy jsou vybaveny dostate\u010dn\u00fdm mno\u017estv\u00edm estetick\u00fdch a hygienicky nez\u00e1vadn\u00fdch hra\u010dek, pom\u016fcek, n\u00e1\u010din\u00edm pro pohybov\u00e9 aktivity d\u011bt\u00ed, kter\u00e9 odpov\u00edd\u00e1 po\u010dtu a v\u011bku d\u011bt\u00ed. T\u0159\u00eddy s upraven\u00fdm vzd\u011bl\u00e1vac\u00edm programem jsou d\u00e1le vybaveny mno\u017estv\u00edm vhodn\u00fdch kompenza\u010dn\u00edch pom\u016fcek.<\/p>\n<p>P\u0159ilehl\u00e9 kuchy\u0148ky u t\u0159\u00edd jsou vybaveny my\u010dkami na n\u00e1dob\u00ed.<br \/>\nPr\u00e1delna a su\u0161\u00e1rna \u0161koly je vybavena automatick\u00fdmi pra\u010dkami, \u017eehl\u00edc\u00edm mandlem, \u0161ic\u00edm strojem.<br \/>\n\u0160koln\u00ed kuchyn\u011b a k nim p\u0159ilehl\u00e9 skladov\u00e9 prostory jsou vybaveny dle po\u017eadavk\u016f Z\u00e1kona \u010d. 258\/2000 Sb., o ochran\u011b ve\u0159ejn\u00e9ho zdrav\u00ed, vyhl\u00e1\u0161ky \u010d. 410\/2005 Sb. o hygienick\u00fdch po\u017eadavc\u00edch na prostory a provoz za\u0159\u00edzen\u00ed provozoven pro v\u00fdchovu a vzd\u011bl\u00e1v\u00e1n\u00ed d\u011bt\u00ed a mladistv\u00fdch.<br \/>\nBudovu \u0161koly obklopuje rozs\u00e1hl\u00e1, pest\u0159e os\u00e1zen\u00e1 zahrada, kter\u00e1 je pravideln\u011b udr\u017eovan\u00e1 a o\u0161et\u0159ovan\u00e1. Vybaven\u00ed vnit\u0159n\u00edch a venkovn\u00edch prostor mate\u0159sk\u00e9 \u0161koly spl\u0148uje bezpe\u010dnostn\u00ed a hygienick\u00e9 normy dle platn\u00fdch p\u0159edpis\u016f.<\/p>\n","protected":false},"excerpt":{"rendered":"<p>Mate\u0159sk\u00e1 \u0161kola R\u016f\u017eov\u00e1 5255 vznikla 30.10.1983. 1.1.2003 vznikla Mate\u0159sk\u00e1 \u0161kola Chomutov, p\u0159\u00edsp\u011bvkov\u00e1 organizace, jej\u00ed\u017e jsme sou\u010d\u00e1st\u00ed. Budova \u0161koly je panelov\u00e9ho typu, pavil\u00f3nov\u00e1, dvoupodla\u017en\u00ed, slou\u017e\u00ed zdrav\u00fdm d\u011btem i d\u011btem se speci\u00e1ln\u00edmi vzd\u011bl\u00e1vac\u00edmi pot\u0159ebami (d\u00e1le jen SVP). \u0160kola je slo\u017eena ze 3 pavilon\u016f . V pavilonu A a B se nach\u00e1zej\u00ed v 1. a 2. podla\u017e\u00ed t\u0159\u00eddy, [&hellip;]<\/p>\n","protected":false},"author":1,"featured_media":0,"parent":0,"menu_order":4,"comment_status":"closed","ping_status":"open","template":"","meta":{"_acf_changed":false,"footnotes":""},"class_list":["post-2","page","type-page","status-publish","hentry"],"acf":{"photo_gallery":{"fotogalerie":[[]]}},"_links":{"self":[{"href":"https:\/\/mscv.cz\/ms-kamarad\/wp-json\/wp\/v2\/pages\/2","targetHints":{"allow":["GET"]}}],"collection":[{"href":"https:\/\/mscv.cz\/ms-kamarad\/wp-json\/wp\/v2\/pages"}],"about":[{"href":"https:\/\/mscv.cz\/ms-kamarad\/wp-json\/wp\/v2\/types\/page"}],"author":[{"embeddable":true,"href":"https:\/\/mscv.cz\/ms-kamarad\/wp-json\/wp\/v2\/users\/1"}],"replies":[{"embeddable":true,"href":"https:\/\/mscv.cz\/ms-kamarad\/wp-json\/wp\/v2\/comments?post=2"}],"version-history":[{"count":17,"href":"https:\/\/mscv.cz\/ms-kamarad\/wp-json\/wp\/v2\/pages\/2\/revisions"}],"predecessor-version":[{"id":2719,"href":"https:\/\/mscv.cz\/ms-kamarad\/wp-json\/wp\/v2\/pages\/2\/revisions\/2719"}],"wp:attachment":[{"href":"https:\/\/mscv.cz\/ms-kamarad\/wp-json\/wp\/v2\/media?parent=2"}],"curies":[{"name":"wp","href":"https:\/\/api.w.org\/{rel}","templated":true}]}}