{"id":11,"date":"2021-08-14T14:28:27","date_gmt":"2021-08-14T12:28:27","guid":{"rendered":"https:\/\/mscv.cz\/ms-klicek\/?page_id=11"},"modified":"2022-08-31T09:48:03","modified_gmt":"2022-08-31T07:48:03","slug":"kontakt","status":"publish","type":"page","link":"https:\/\/mscv.cz\/ms-klicek\/kontakt\/","title":{"rendered":"Kontakt"},"content":{"rendered":"<p>Mate\u0159sk\u00e1 \u0161kola Kl\u00ed\u010dek<br \/>\nJir\u00e1skova 4334, 430 03 Chomutov<\/p>\n<p>Provoz \u0161koly: <strong>6:00 &#8211; 16:30 hod<\/strong><\/p>\n<p>Tel.: 474 629 665<br \/>\nMob.: 702 223 807<br \/>\nE-mail: <a href=\"mailto:zastupkyne18ms@mschomutov.cz\">zastupkyne18ms@mschomutov.cz<\/a><\/p>\n<p>Z\u00e1stupkyn\u011b \u0159editelky<br \/>\nBc. Renata Proke\u0161ov\u00e1<\/p>\n","protected":false},"excerpt":{"rendered":"<p>Mate\u0159sk\u00e1 \u0161kola Kl\u00ed\u010dek Jir\u00e1skova 4334, 430 03 Chomutov Provoz \u0161koly: 6:00 &#8211; 16:30 hod Tel.: 474 629 665 Mob.: 702 223 807 E-mail: zastupkyne18ms@mschomutov.cz Z\u00e1stupkyn\u011b \u0159editelky Bc. Renata Proke\u0161ov\u00e1<\/p>\n","protected":false},"author":1,"featured_media":0,"parent":0,"menu_order":3,"comment_status":"closed","ping_status":"closed","template":"","meta":{"_acf_changed":false,"footnotes":""},"class_list":["post-11","page","type-page","status-publish","hentry"],"acf":{"photo_gallery":{"fotogalerie":[[]]}},"_links":{"self":[{"href":"https:\/\/mscv.cz\/ms-klicek\/wp-json\/wp\/v2\/pages\/11","targetHints":{"allow":["GET"]}}],"collection":[{"href":"https:\/\/mscv.cz\/ms-klicek\/wp-json\/wp\/v2\/pages"}],"about":[{"href":"https:\/\/mscv.cz\/ms-klicek\/wp-json\/wp\/v2\/types\/page"}],"author":[{"embeddable":true,"href":"https:\/\/mscv.cz\/ms-klicek\/wp-json\/wp\/v2\/users\/1"}],"replies":[{"embeddable":true,"href":"https:\/\/mscv.cz\/ms-klicek\/wp-json\/wp\/v2\/comments?post=11"}],"version-history":[{"count":2,"href":"https:\/\/mscv.cz\/ms-klicek\/wp-json\/wp\/v2\/pages\/11\/revisions"}],"predecessor-version":[{"id":3803,"href":"https:\/\/mscv.cz\/ms-klicek\/wp-json\/wp\/v2\/pages\/11\/revisions\/3803"}],"wp:attachment":[{"href":"https:\/\/mscv.cz\/ms-klicek\/wp-json\/wp\/v2\/media?parent=11"}],"curies":[{"name":"wp","href":"https:\/\/api.w.org\/{rel}","templated":true}]}}