{"id":13,"date":"2021-08-14T14:29:13","date_gmt":"2021-08-14T12:29:13","guid":{"rendered":"https:\/\/mscv.cz\/ms-klicek\/?page_id=13"},"modified":"2024-05-23T13:02:17","modified_gmt":"2024-05-23T11:02:17","slug":"skolni-vzdelavaci-program-pro-predskolni-vzdelavani","status":"publish","type":"page","link":"https:\/\/mscv.cz\/ms-klicek\/skolni-vzdelavaci-program-pro-predskolni-vzdelavani\/","title":{"rendered":"\u0160koln\u00ed vzd\u011bl\u00e1vac\u00ed program pro p\u0159ed\u0161koln\u00ed vzd\u011bl\u00e1v\u00e1n\u00ed"},"content":{"rendered":"<p>\u201eSe zv\u00ed\u0159\u00e1tky do sv\u011bta\u201c<\/p>\n<p>Motto: \u201eDo sv\u011bta jdou zv\u00ed\u0159\u00e1tka, pod\u00edvat se za vr\u00e1tka.<br \/>\nKl\u00ed\u010dkem vr\u00e1tka otv\u00edraj\u00ed, nov\u00e9 v\u011bci pozn\u00e1vaj\u00ed.\u201c<\/p>\n<p>Charakteristika \u0161koln\u00edho vzd\u011bl\u00e1vac\u00edho programu<\/p>\n<p>\u0160koln\u00ed vzd\u011bl\u00e1vac\u00ed program p\u0159ed\u0161koln\u00edho vzd\u011bl\u00e1v\u00e1n\u00ed (d\u00e1le jen \u0160VP PV) sou\u010d\u00e1sti s n\u00e1zvem<br \/>\n\u201eSe zv\u00ed\u0159\u00e1tky do sv\u011bta\u201c vych\u00e1z\u00ed ze \u0160VP M\u0160 Chomutov \u201eJ\u00e1 a sv\u011bt, kter\u00fd m\u011b obklopuje\u201c a RVP PV.<\/p>\n<p>\u0160VP PV je uspo\u0159\u00e1d\u00e1n tak, aby osobnost d\u00edt\u011bte byla rozv\u00edjena co nejefektivn\u011bji dle r\u00e1mcov\u00fdch c\u00edl\u016f pro p\u0159ed\u0161koln\u00ed vzd\u011bl\u00e1v\u00e1n\u00ed. Umo\u017e\u0148ujeme d\u011btem, aby v\u0161echny dovednosti a nov\u00e9 poznatky mohly v ten okam\u017eik tak\u00e9 vid\u011bt a osahat si je.<\/p>\n<p>Vzd\u011bl\u00e1vac\u00ed c\u00edle \u0160VP PV<br \/>\n\u0158\u00edd\u00edme se r\u00e1mcov\u00fdmi vzd\u011bl\u00e1vac\u00edmi c\u00edli, kter\u00e9 jsou v souladu s R\u00e1mcov\u00fdm vzd\u011bl\u00e1vac\u00edm programem pro p\u0159ed\u0161koln\u00ed vzd\u011bl\u00e1v\u00e1n\u00ed (d\u00e1le jen RVP PV):<\/p>\n<p>v Rozv\u00edjen\u00ed d\u00edt\u011bte, jeho u\u010den\u00ed a pozn\u00e1n\u00ed<br \/>\nv Osvojen\u00ed z\u00e1klad\u016f hodnot, na nich\u017e je zalo\u017eena na\u0161e spole\u010dnost<br \/>\nv Z\u00edsk\u00e1n\u00ed osobn\u00ed samostatnosti a schopnosti projevovat se jako samostatn\u00e1 osobnost p\u016fsob\u00edc\u00ed na sv\u00e9 okol\u00ed<\/p>\n<p>Filosofie \u0161koly<br \/>\nFilosofi\u00ed Mate\u0159sk\u00e9 \u0161koly Chomutov je rozv\u00edjet v n\u00e1vaznosti na rodinnou v\u00fdchovu samostatn\u00e9 a zdrav\u011b sebev\u011bdom\u00e9 d\u011bti cestou p\u0159irozen\u00e9 v\u00fdchovy, polo\u017eit z\u00e1klady celo\u017eivotn\u00edho vzd\u011bl\u00e1v\u00e1n\u00ed d\u011btem podle jejich mo\u017enost\u00ed, z\u00e1jm\u016f a pot\u0159eb, rozv\u00edjet p\u00e9\u010di o zdrav\u00e9 d\u011bti a d\u011bti se specifick\u00fdmi vzd\u011bl\u00e1vac\u00edmi pot\u0159ebami.<\/p>\n<p>Filosofi\u00ed mate\u0159sk\u00e9 \u0161koly \u201eKl\u00ed\u010dek\u201c Jir\u00e1skova je zalo\u017eit u d\u011bt\u00ed element\u00e1rn\u00ed pov\u011bdom\u00ed o okoln\u00edm sv\u011bt\u011b a jeho d\u011bn\u00ed, o vlivu \u010dlov\u011bka na \u017eivotn\u00ed prost\u0159ed\u00ed, poznat a pochopit \u017eivou i ne\u017eivou p\u0159\u00edrodu a m\u00edt pov\u011bdom\u00ed o neust\u00e1l\u00fdch prom\u011bn\u00e1ch v prost\u0159ed\u00ed, ve kter\u00e9m d\u011bti \u017eij\u00ed.<\/p>\n<p>Vzd\u011bl\u00e1vac\u00ed c\u00edle koresponduj\u00ed s RVP PV (viz www.rvp.cz) :<\/p>\n<ul>\n<li>zalo\u017eit u d\u011bt\u00ed element\u00e1rn\u00ed pov\u011bdom\u00ed o okoln\u00edm sv\u011bt\u011b a jeho d\u011bn\u00ed, o vlivu \u010dlov\u011bka na \u017eivotn\u00ed prost\u0159ed\u00ed, poznat a pochopit \u017eivou i ne\u017eivou p\u0159\u00edrodu a m\u00edt pov\u011bdom\u00ed o neust\u00e1l\u00fdch prom\u011bn\u00e1ch v prost\u0159ed\u00ed, ve kter\u00e9m d\u011bti \u017eij\u00ed<br \/>\n\u2022 vytvo\u0159it element\u00e1rn\u00ed z\u00e1klady pro otev\u0159en\u00fd a odpov\u011bdn\u00fd postoj d\u00edt\u011bte k \u017eivotn\u00edmu prost\u0159ed\u00ed<br \/>\n\u2022 vytv\u00e1\u0159et k \u017eivotn\u00edmu prost\u0159ed\u00ed a sv\u00e9mu nejbli\u017e\u0161\u00edmu okol\u00ed pozitivn\u00ed vztah, v\u00e1\u017eit si \u017eivota ve v\u0161ech jeho form\u00e1ch<\/li>\n<\/ul>\n<p>Obsah \u0161koln\u00edho vzd\u011bl\u00e1vac\u00edho programu:<\/p>\n<p>Podzimn\u00ed blok<br \/>\n\u201eJ\u00e1 a Kl\u00ed\u010dek\u201c<\/p>\n<p>Charakteristika integrovan\u00e9ho bloku:<br \/>\nTematick\u00fd celek je zasazen do podzimn\u00edho obdob\u00ed, zahrnuje m\u011bs\u00edce z\u00e1\u0159\u00ed, \u0159\u00edjen a listopad. Sledujeme nejen zm\u011bny v p\u0159\u00edrod\u011b, ale posilujeme i \u00factu k p\u0159\u00edrod\u011b, vlastn\u00ed zku\u0161enosti z pozorov\u00e1n\u00ed a pobyt\u016f venku, u\u010d\u00edme d\u011bti zn\u00e1t stromy, ke\u0159e i plody, jejich vyu\u017eit\u00ed, ale i jejich nebezpe\u010d\u00ed. Posilujeme sebeovl\u00e1d\u00e1n\u00ed d\u011bt\u00ed, vytv\u00e1\u0159\u00edme a ov\u011b\u0159ujeme spole\u010dn\u00e1 pravidla sou\u017eit\u00ed v nov\u00e9m kolektivu, rozli\u0161ujeme vhodn\u00e9 a nevhodn\u00e9 chov\u00e1n\u00ed a jedn\u00e1n\u00ed, vytv\u00e1\u0159\u00edme podm\u00ednky prosoci\u00e1ln\u00edho chov\u00e1n\u00ed. Vyu\u017e\u00edv\u00e1me metody osobnostn\u011b soci\u00e1ln\u00ed a dramatickou v\u00fdchovu. Podzimn\u00ed blok je v\u00fdznamn\u00fd p\u0159edev\u0161\u00edm pro vytv\u00e1\u0159en\u00ed a zp\u0159es\u0148ov\u00e1n\u00ed spole\u010dn\u00fdch pravidel sou\u017eit\u00ed v\u0161ech akt\u00e9r\u016f (d\u011bt\u00ed, pedagog\u016f, provozn\u00edch zam\u011bstnanc\u016f, rodi\u010d\u016f a ostatn\u00edch p\u0159\u00edchoz\u00edch) v mate\u0159sk\u00e9 \u0161kole.<\/p>\n<p>Zimn\u00ed blok<br \/>\n\u201eA je tu zima.\u201c<\/p>\n<p>Charakteristika integrovan\u00e9ho bloku:<br \/>\nTematick\u00fd blok je zasazen do obdob\u00ed prosinec, leden a \u00fanor. Vych\u00e1z\u00ed z\u00a0\u010desk\u00fdch lidov\u00fdch tradic. Tyto tradice obohacuj\u00ed dal\u0161\u00ed z\u00e1\u017eitky, kter\u00e9 v\u00a0m\u011bs\u00edci prosinci jsou pravidlem. Jedn\u00e1 se o Mikul\u00e1\u0161kou bes\u00eddku v\u00a0r\u00e1mci spolupr\u00e1ce se Z\u0160 Hornick\u00e1, V\u00e1no\u010dn\u00ed tvo\u0159ivou d\u00edlni\u010dku s\u00a0rodi\u010di nebo spole\u010dn\u00fd tematick\u00fd jarmark cel\u00e9 M\u0160<strong>. <\/strong>Poskytuje prostor pro zimn\u00ed radov\u00e1nky, sezn\u00e1men\u00ed se zimn\u00edmi sporty, experimentov\u00e1n\u00ed se sn\u011bhem i ledem. V tomto bloku je tak\u00e9 mnoho p\u0159\u00edle\u017eitost\u00ed, kdy chceme utv\u00e1\u0159et pov\u011bdom\u00ed o r\u016fznorodosti kulturn\u00edho i p\u0159\u00edrodn\u00edho prost\u0159ed\u00ed na Zemi. Vyu\u017e\u00edv\u00e1ny jsou metody pro\u017eitkov\u00e9ho u\u010den\u00ed, dramatick\u00e9 \u010dinnosti, objevov\u00e1n\u00ed a experimentov\u00e1n\u00ed, hra, spont\u00e1nn\u00ed i \u0159\u00edzen\u00e9 \u010dinnosti.<\/p>\n<p>Jarn\u00ed blok<br \/>\n\u201eP\u0159\u00edroda pro v\u0161echny\u201c<\/p>\n<p>Charakteristika integrovan\u00e9ho bloku:<br \/>\nTematick\u00fd celek je za\u0159azen do m\u011bs\u00edc\u016f b\u0159ezen, duben a kv\u011bten. Z\u00e1kladem tematick\u00e9ho bloku jsou zm\u011bny v p\u0159\u00edrod\u011b a jarn\u00ed tradice. U\u010d\u00edme d\u011bti lidov\u00fdm \u0159\u00edkadl\u016fm, p\u00edsn\u00edm a b\u00e1sn\u00edm o jaru. D\u011bti pozoruj\u00ed probouzej\u00edc\u00ed se p\u0159\u00edrodu na vych\u00e1zk\u00e1ch, vlastn\u00edm s\u00e1zen\u00edm a pe\u010dov\u00e1n\u00edm o rostliny se seznamuj\u00ed s nezbytnost\u00ed sv\u011btla, vody a p\u00e9\u010de o rostliny. Chceme tak v\u00fdrazn\u011b pos\u00edlit vlastn\u00ed zodpov\u011bdnost d\u00edt\u011bte ve vztahu k p\u0159\u00edrod\u011b, k \u017eivotu na Zemi a sob\u011b sama \u2013 co\u017e z\u00edsk\u00e1vaj\u00ed nov\u00fdmi zku\u0161enostmi p\u0159i p\u00e9\u010di o vlastn\u00ed zdrav\u00ed \u2013 zdrav\u00fd \u017eivotn\u00ed styl.<\/p>\n<p>Letn\u00ed blok<br \/>\n\u201eD\u011bti a na\u0161e zem\u201c<\/p>\n<p>Charakteristika integrovan\u00e9ho bloku:<br \/>\nTematick\u00fd celek je za\u0159azen do m\u011bs\u00edc\u016f \u010derven, \u010dervenec a srpen. Je to celek, kter\u00fd otev\u00edr\u00e1 l\u00e9to a letn\u00ed \u010dinnosti. Z tohoto d\u016fvodu je v\u011bt\u0161ina \u010dinnost\u00ed za\u0159azov\u00e1na mimo t\u0159\u00eddu a hernu do ter\u00e9nu. Za\u010d\u00edn\u00e1 oslavou MDD a sm\u011b\u0159uje k z\u00e1v\u011bre\u010dn\u00e9 \u010dinnosti \u2013 ukon\u010den\u00ed \u0161koln\u00edho roku, lou\u010den\u00ed se s budouc\u00edmi \u0161kol\u00e1ky.<br \/>\nP\u0159i maxim\u00e1ln\u00edm pobytu venku je d\u011btem intenzivn\u011bji p\u0159ibli\u017eov\u00e1na problematika ochrany \u017eivotn\u00edho prost\u0159ed\u00ed, sou\u017eit\u00ed lid\u00ed a p\u0159\u00edrody. D\u011bti pozn\u00e1vaj\u00ed z\u00e1kladn\u00ed rysy l\u00e9ta i mo\u017en\u00e9ho nebezpe\u010d\u00ed p\u0159i koup\u00e1n\u00ed, sportov\u00e1n\u00ed, p\u0159i pobytu v p\u0159\u00edrod\u011b. Proto\u017ee je to obdob\u00ed pr\u00e1zdnin \u2013 \u010das, kdy d\u011bti maj\u00ed mo\u017enost pozn\u00e1vat se sv\u00fdmi rodi\u010di nov\u00e9 zem\u011b, obyvatelstvo, rostliny i \u017eivo\u010dichy, tuto novou zku\u0161enost vyu\u017eijeme p\u0159i vzd\u011bl\u00e1v\u00e1n\u00ed.<\/p>\n","protected":false},"excerpt":{"rendered":"<p>\u201eSe zv\u00ed\u0159\u00e1tky do sv\u011bta\u201c Motto: \u201eDo sv\u011bta jdou zv\u00ed\u0159\u00e1tka, pod\u00edvat se za vr\u00e1tka. Kl\u00ed\u010dkem vr\u00e1tka otv\u00edraj\u00ed, nov\u00e9 v\u011bci pozn\u00e1vaj\u00ed.\u201c Charakteristika \u0161koln\u00edho vzd\u011bl\u00e1vac\u00edho programu \u0160koln\u00ed vzd\u011bl\u00e1vac\u00ed program p\u0159ed\u0161koln\u00edho vzd\u011bl\u00e1v\u00e1n\u00ed (d\u00e1le jen \u0160VP PV) sou\u010d\u00e1sti s n\u00e1zvem \u201eSe zv\u00ed\u0159\u00e1tky do sv\u011bta\u201c vych\u00e1z\u00ed ze \u0160VP M\u0160 Chomutov \u201eJ\u00e1 a sv\u011bt, kter\u00fd m\u011b obklopuje\u201c a RVP PV. \u0160VP PV [&hellip;]<\/p>\n","protected":false},"author":1,"featured_media":0,"parent":0,"menu_order":2,"comment_status":"closed","ping_status":"closed","template":"","meta":{"_acf_changed":false,"footnotes":""},"class_list":["post-13","page","type-page","status-publish","hentry"],"acf":{"photo_gallery":{"fotogalerie":[[]]}},"_links":{"self":[{"href":"https:\/\/mscv.cz\/ms-klicek\/wp-json\/wp\/v2\/pages\/13","targetHints":{"allow":["GET"]}}],"collection":[{"href":"https:\/\/mscv.cz\/ms-klicek\/wp-json\/wp\/v2\/pages"}],"about":[{"href":"https:\/\/mscv.cz\/ms-klicek\/wp-json\/wp\/v2\/types\/page"}],"author":[{"embeddable":true,"href":"https:\/\/mscv.cz\/ms-klicek\/wp-json\/wp\/v2\/users\/1"}],"replies":[{"embeddable":true,"href":"https:\/\/mscv.cz\/ms-klicek\/wp-json\/wp\/v2\/comments?post=13"}],"version-history":[{"count":3,"href":"https:\/\/mscv.cz\/ms-klicek\/wp-json\/wp\/v2\/pages\/13\/revisions"}],"predecessor-version":[{"id":5483,"href":"https:\/\/mscv.cz\/ms-klicek\/wp-json\/wp\/v2\/pages\/13\/revisions\/5483"}],"wp:attachment":[{"href":"https:\/\/mscv.cz\/ms-klicek\/wp-json\/wp\/v2\/media?parent=13"}],"curies":[{"name":"wp","href":"https:\/\/api.w.org\/{rel}","templated":true}]}}