{"id":15,"date":"2021-08-14T14:29:39","date_gmt":"2021-08-14T12:29:39","guid":{"rendered":"https:\/\/mscv.cz\/ms-klicek\/?page_id=15"},"modified":"2026-01-21T10:15:15","modified_gmt":"2026-01-21T09:15:15","slug":"jidelnicek","status":"publish","type":"page","link":"https:\/\/mscv.cz\/ms-klicek\/jidelnicek\/","title":{"rendered":"J\u00eddeln\u00ed\u010dek"},"content":{"rendered":"<p>&nbsp;<\/p>\n<p>Seznam alergen\u016f publikovan\u00fd ve sm\u011brnici 2000\/89 ES od 13.12.2014 sm\u011brnic\u00ed 1169\/2011 EU<\/p>\n<p>1. OBILOVINY OBSAHUJ\u00cdC\u00cd LEPEK p\u0161enice, \u017eito, je\u010dmen, oves, \u0161palda, kamut nebo jejich hybridn\u00ed odr\u016fdy a v\u00fdrobky z nich<\/p>\n<p>2. KOR\u00dd\u0160I a v\u00fdrobky z nich 3. VEJCE a v\u00fdrobky z nich 4. RYBY a v\u00fdrobky z nich 5. PODZEMNICE OLEJN\u00c1 (ARA\u0160\u00cdDY) a v\u00fdrobky z nich 6.<\/p>\n<p>S\u00d3JOV\u00c9 BOBY (S\u00d3JA) a v\u00fdrobky z nich 7. ML\u00c9KO a v\u00fdrobky z nich 8. SKO\u0158\u00c1PKOV\u00c9 PLODY mandle, l\u00edskov\u00e9 o\u0159echy, vla\u0161sk\u00e9 o\u0159echy, ke\u0161u a pekanov\u00e9 o\u0159echy, para o\u0159echy, pist\u00e1cie, makadamie a v\u00fdrobky z nich 9. CELER a v\u00fdrobky z n\u011bj 10. HO\u0158\u010cICE a v\u00fdrobky z n\u00ed 11. SEZAMOV\u00c1 SEMENA (SEZAM) a v\u00fdrobky z nich 12. OXID SI\u0158I\u010cIT\u00dd A SI\u0158I\u010cITANY v koncentrac\u00edch vy\u0161\u0161\u00edch 10 mg, ml\/kg, l, vyj\u00e1d\u0159eno SO2 13. VL\u010c\u00cd BOB (LUPINA) a v\u00fdrobky z n\u011bj 14. M\u011aKK\u00dd\u0160I a v\u00fdrobky z nich<\/p>\n<p>Informace o platb\u00e1ch na mate\u0159sk\u00e9 \u0161kole Jir\u00e1skova 4334, Chomutov<\/p>\n<p>Od m\u011bs\u00edce z\u00e1\u0159\u00ed 2025 se m\u011bn\u00ed v\u00fd\u0161e \u0161koln\u00e9ho na 600,- korun.<\/p>\n<p>V\u00fd\u0161e z\u00e1lohy na leden 2026:<\/p>\n<p>pro 0-6 let\u00e9 d\u011bti: 840,- + 600,- \u0161koln\u00e9<\/p>\n<p>pro 7-10 let\u00e9 d\u011bti: 945,- (odklad \u0161koln\u00ed doch\u00e1zky)<\/p>\n<p>pro 6 let\u00e9 d\u011bti, posledn\u00ed rok v M\u0160: 840,- .<\/p>\n<p>&nbsp;<\/p>\n<p>V\u00fd\u0161e stravn\u00e9ho na den d\u011bti 0-6 let:<\/p>\n<p>P\u0159esn\u00edd\u00e1vka : 10,-K\u010d<\/p>\n<p>Ob\u011bd: 21,-K\u010d<\/p>\n<p>Sva\u010dina: 9,-K\u010d<\/p>\n<p>&#8212;&#8212;&#8212;&#8212;&#8212;&#8212;&#8212;&#8212;&#8212;&#8212;-<\/p>\n<p>Celkem: 40,-K\u010d<\/p>\n<p>V\u00fd\u0161e stravn\u00e9ho na den d\u011bti 7-10 let:<\/p>\n<p>P\u0159esn\u00edd\u00e1vka: 11,-K\u010d<\/p>\n<p>Ob\u011bd: 25,-K\u010d<\/p>\n<p>P\u0159esn\u00edd\u00e1vka: 9,-K\u010d<\/p>\n<p>&#8212;&#8212;&#8212;&#8212;&#8212;&#8212;&#8212;&#8212;&#8212;-<\/p>\n<p>Celkem: 45,-K\u010d<\/p>\n<p>Stravn\u00e9 a \u0161koln\u00e9 m\u016f\u017eete pos\u00edlat na \u00fa\u010det:<\/p>\n<p>Nejpozd\u011bji do 25. dne v m\u011bs\u00edci ( 25.den by m\u011bla b\u00fdt platba na \u00fa\u010dtu) na n\u00e1sleduj\u00edc\u00ed m\u011bs\u00edc. 4335027\/2700<\/p>\n<p>Uv\u00e1d\u011bjte v\u017edy variabiln\u00ed symbol, kter\u00fd naleznete na &#8222;Rozhodnut\u00ed o p\u0159ijet\u00ed&#8220; d\u00edt\u011bte do M\u0160.<\/p>\n<p>Telefon: 474629665 Informace o stravn\u00e9m: jidelna18ms@mschomutov.cz<\/p>\n<p>M\u011bs\u00ed\u010dn\u00ed \u010d\u00e1stky zas\u00edlan\u00e9 na \u00fa\u010det jako trval\u00e9 p\u0159\u00edkazy:<\/p>\n<p>Od 1.1.2023 zm\u011bna v\u00fd\u0161e z\u00e1lohy na stravn\u00e9<\/p>\n<p>Kategorie d\u011bti 0-6 let: 900,- stravn\u00e9 600,- \u0161koln\u00e9<\/p>\n<p>Celkem: 1500,-K\u010d<\/p>\n<p>&nbsp;<\/p>\n<p>Kategorie d\u011bti 7-10 let: 950,- stravn\u00e9<\/p>\n<p>P\u0159ed\u0161kol\u00e1ci: 900,- stravn\u00e9<\/p>\n","protected":false},"excerpt":{"rendered":"<p>&nbsp; Seznam alergen\u016f publikovan\u00fd ve sm\u011brnici 2000\/89 ES od 13.12.2014 sm\u011brnic\u00ed 1169\/2011 EU 1. OBILOVINY OBSAHUJ\u00cdC\u00cd LEPEK p\u0161enice, \u017eito, je\u010dmen, oves, \u0161palda, kamut nebo jejich hybridn\u00ed odr\u016fdy a v\u00fdrobky z nich 2. KOR\u00dd\u0160I a v\u00fdrobky z nich 3. VEJCE a v\u00fdrobky z nich 4. RYBY a v\u00fdrobky z nich 5. PODZEMNICE OLEJN\u00c1 (ARA\u0160\u00cdDY) a v\u00fdrobky [&hellip;]<\/p>\n","protected":false},"author":1,"featured_media":0,"parent":0,"menu_order":0,"comment_status":"closed","ping_status":"closed","template":"","meta":{"_acf_changed":false,"footnotes":""},"class_list":["post-15","page","type-page","status-publish","hentry"],"acf":{"photo_gallery":{"fotogalerie":[[]]}},"_links":{"self":[{"href":"https:\/\/mscv.cz\/ms-klicek\/wp-json\/wp\/v2\/pages\/15","targetHints":{"allow":["GET"]}}],"collection":[{"href":"https:\/\/mscv.cz\/ms-klicek\/wp-json\/wp\/v2\/pages"}],"about":[{"href":"https:\/\/mscv.cz\/ms-klicek\/wp-json\/wp\/v2\/types\/page"}],"author":[{"embeddable":true,"href":"https:\/\/mscv.cz\/ms-klicek\/wp-json\/wp\/v2\/users\/1"}],"replies":[{"embeddable":true,"href":"https:\/\/mscv.cz\/ms-klicek\/wp-json\/wp\/v2\/comments?post=15"}],"version-history":[{"count":251,"href":"https:\/\/mscv.cz\/ms-klicek\/wp-json\/wp\/v2\/pages\/15\/revisions"}],"predecessor-version":[{"id":6274,"href":"https:\/\/mscv.cz\/ms-klicek\/wp-json\/wp\/v2\/pages\/15\/revisions\/6274"}],"wp:attachment":[{"href":"https:\/\/mscv.cz\/ms-klicek\/wp-json\/wp\/v2\/media?parent=15"}],"curies":[{"name":"wp","href":"https:\/\/api.w.org\/{rel}","templated":true}]}}