{"id":16,"date":"2021-08-14T11:28:12","date_gmt":"2021-08-14T09:28:12","guid":{"rendered":"https:\/\/mscv.cz\/ms-pohadka\/?page_id=16"},"modified":"2026-03-27T12:10:48","modified_gmt":"2026-03-27T11:10:48","slug":"jidelnicek","status":"publish","type":"page","link":"https:\/\/mscv.cz\/ms-pohadka\/jidelnicek\/","title":{"rendered":"J\u00eddeln\u00ed\u010dek"},"content":{"rendered":"<p>&nbsp;<\/p>\n<p>&nbsp;<\/p>\n<p>&nbsp;<\/p>\n<p>Hlavn\u00ed kucha\u0159: Daniel Makula<\/p>\n<p>Vedouc\u00ed stravov\u00e1n\u00ed: Pavl\u00edna Kotrbov\u00e1<\/p>\n<p>Tento t\u00fdden dost\u00e1vaj\u00ed d\u011bti tyto druhy zeleniny a ovoce: pomeran\u010d, jablko, mandarinka, hru\u0161ka, ban\u00e1n.<\/p>\n<p>Bli\u017e\u0161\u00ed informace o v\u00fdskytu alergen\u016f v konkr\u00e9tn\u00edm pokrmu \u017e\u00e1dejte u hlavn\u00edho kucha\u0159e.<\/p>\n<p>Seznam alergenn\u00edch slo\u017eek:<br \/>\n1. obiloviny obsahuj\u00edc\u00ed lepek (tj. p\u0161enice, \u017eito, je\u010dmen, oves, p\u0161enice \u0161palda, kamut nebo jejich hybridn\u00ed odr\u016fdy) a v\u00fdrobky z nich<br \/>\n2. kor\u00fd\u0161i a v\u00fdrobky z nich<br \/>\n3. vejce a v\u00fdrobky z nich<br \/>\n4. ryby a v\u00fdrobky z nich<br \/>\n5. j\u00e1dra podzemnice olejn\u00e9 (ara\u0161\u00eddy) a v\u00fdrobky z nich<br \/>\n6. s\u00f3jov\u00e9 boby (s\u00f3ja) a v\u00fdrobky z nich<br \/>\n7. ml\u00e9ko a v\u00fdrobky z n\u011bj (v\u010detn\u011b lakt\u00f3zy)<br \/>\n8. such\u00e9 sko\u0159\u00e1pkov\u00e9 plody, tj. mandle, l\u00edskov\u00e9 o\u0159echy, vla\u0161sk\u00e9 o\u0159echy, ke\u0161u o\u0159echy, pekanov\u00e9 o\u0159echy, para o\u0159echy, pist\u00e1cie a v\u00fdrobky z nich<br \/>\n9. celer a v\u00fdrobky z n\u011bj<br \/>\n10. ho\u0159\u010dice a v\u00fdrobky z n\u00ed<br \/>\n11. sezamov\u00e1 semena (sezam) a v\u00fdrobky z nich<br \/>\n12. oxid si\u0159i\u010dit\u00fd a si\u0159i\u010ditany v koncentrac\u00edch vy\u0161\u0161\u00edch ne\u017e 10 mg\/kg nebo 10 mg\/l, vyj\u00e1d\u0159eno jako SO2<br \/>\n13. vl\u010d\u00ed bob (lupina) a v\u00fdrobky z n\u011bj<br \/>\n14. m\u011bkk\u00fd\u0161i a v\u00fdrobky z nich<\/p>\n<p>STRAVN\u00c9 A \u0160KOLN\u00c9<br \/>\nStravn\u00e9 a \u0161koln\u00e9 se vyb\u00edr\u00e1 do 25. dne v m\u011bs\u00edci na n\u00e1sleduj\u00edc\u00ed m\u011bs\u00edc.<br \/>\nD\u00edt\u011b, kter\u00e9 nebude m\u00edt v\u010das uhrazeno, nebude p\u0159ijato ke stravov\u00e1n\u00ed a doch\u00e1zce do M\u0160.<\/p>\n<p>Stravn\u00e9 a \u0161koln\u00e9 lze uhradit na \u00fa\u010det \u010d\u00edslo 4335027\/2700 (do 25. dne v m\u011bs\u00edci)<br \/>\nKe ka\u017ed\u00e9 platb\u011b, pros\u00edm, uv\u00e1d\u011bjte p\u0159id\u011blen\u00fd variabiln\u00ed symbol, kter\u00fd naleznete na rozhodnut\u00ed o p\u0159ijet\u00ed, pop\u0159\u00edpad\u011b V\u00e1m ho sd\u011bl\u00ed vedouc\u00ed \u0161koln\u00ed j\u00eddelny.<\/p>\n<p>Informace o v\u00fd\u0161i stravn\u00e9ho:<br \/>\nE mail: jidelna29ms@mschomutov.cz<br \/>\nTelefon: 721 339 276<\/p>\n<p>V\u00fd\u0161e stravn\u00e9ho pro 3-6 let\u00e9 d\u011bti<\/p>\n<p>p\u0159esn\u00edd\u00e1vka \u2013 10 K\u010d<br \/>\nob\u011bd \u2013 21 K\u010d<br \/>\nsva\u010dina \u2013 9 K\u010d<br \/>\n&#8212;&#8212;&#8212;&#8212;&#8212;&#8212;<br \/>\ncelkem 40,- K\u010d na den<\/p>\n<p>V\u00fd\u0161e stravn\u00e9ho pro 7 let\u00e9 d\u011bti<\/p>\n<p>p\u0159esn\u00edd\u00e1vka \u2013 11 K\u010d<br \/>\nob\u011bd \u2013 23 K\u010d<br \/>\nsva\u010dina \u2013 9 K\u010d<br \/>\n&#8212;&#8212;&#8212;&#8212;&#8212;&#8212;<br \/>\ncelkem 43,- K\u010d na den<\/p>\n<p><em><strong>M\u011bs\u00ed\u010dn\u00ed \u010d\u00e1stky zas\u00edlan\u00e9 na \u00fa\u010det jako trval\u00e9 p\u0159\u00edkazy:<\/strong><\/em><\/p>\n<p>Kategorie d\u011bti 0-6 let:<br \/>\n880,- stravn\u00e9<br \/>\n600,- \u0161koln\u00e9<br \/>\n\u2014\u2014\u2014\u2014\u2014\u2014\u2014\u2014\u2014\u2013<br \/>\n1480,- celkem<\/p>\n<p>Kategorie d\u011bti 7-10 let:<br \/>\n946,- stravn\u00e9<\/p>\n<p>P\u0159ed\u0161kol\u00e1ci:<br \/>\n880,- stravn\u00e9<\/p>\n","protected":false},"excerpt":{"rendered":"<p>&nbsp; &nbsp; &nbsp; Hlavn\u00ed kucha\u0159: Daniel Makula Vedouc\u00ed stravov\u00e1n\u00ed: Pavl\u00edna Kotrbov\u00e1 Tento t\u00fdden dost\u00e1vaj\u00ed d\u011bti tyto druhy zeleniny a ovoce: pomeran\u010d, jablko, mandarinka, hru\u0161ka, ban\u00e1n. Bli\u017e\u0161\u00ed informace o v\u00fdskytu alergen\u016f v konkr\u00e9tn\u00edm pokrmu \u017e\u00e1dejte u hlavn\u00edho kucha\u0159e. Seznam alergenn\u00edch slo\u017eek: 1. obiloviny obsahuj\u00edc\u00ed lepek (tj. p\u0161enice, \u017eito, je\u010dmen, oves, p\u0161enice \u0161palda, kamut nebo jejich hybridn\u00ed [&hellip;]<\/p>\n","protected":false},"author":1,"featured_media":0,"parent":0,"menu_order":3,"comment_status":"closed","ping_status":"closed","template":"","meta":{"_acf_changed":false,"footnotes":""},"class_list":["post-16","page","type-page","status-publish","hentry"],"acf":{"photo_gallery":{"fotogalerie":[[]]}},"_links":{"self":[{"href":"https:\/\/mscv.cz\/ms-pohadka\/wp-json\/wp\/v2\/pages\/16","targetHints":{"allow":["GET"]}}],"collection":[{"href":"https:\/\/mscv.cz\/ms-pohadka\/wp-json\/wp\/v2\/pages"}],"about":[{"href":"https:\/\/mscv.cz\/ms-pohadka\/wp-json\/wp\/v2\/types\/page"}],"author":[{"embeddable":true,"href":"https:\/\/mscv.cz\/ms-pohadka\/wp-json\/wp\/v2\/users\/1"}],"replies":[{"embeddable":true,"href":"https:\/\/mscv.cz\/ms-pohadka\/wp-json\/wp\/v2\/comments?post=16"}],"version-history":[{"count":275,"href":"https:\/\/mscv.cz\/ms-pohadka\/wp-json\/wp\/v2\/pages\/16\/revisions"}],"predecessor-version":[{"id":8880,"href":"https:\/\/mscv.cz\/ms-pohadka\/wp-json\/wp\/v2\/pages\/16\/revisions\/8880"}],"wp:attachment":[{"href":"https:\/\/mscv.cz\/ms-pohadka\/wp-json\/wp\/v2\/media?parent=16"}],"curies":[{"name":"wp","href":"https:\/\/api.w.org\/{rel}","templated":true}]}}