{"id":18,"date":"2021-08-14T11:29:15","date_gmt":"2021-08-14T09:29:15","guid":{"rendered":"https:\/\/mscv.cz\/ms-pohadka\/?page_id=18"},"modified":"2026-01-15T08:40:59","modified_gmt":"2026-01-15T07:40:59","slug":"kontakt","status":"publish","type":"page","link":"https:\/\/mscv.cz\/ms-pohadka\/kontakt\/","title":{"rendered":"Kontakt"},"content":{"rendered":"<p><span style=\"font-size: 12pt;\">Mate\u0159sk\u00e1 \u0161kola Poh\u00e1dka<\/span><br \/>\n<span style=\"font-size: 12pt;\">\u0160koln\u00ed P\u011b\u0161ina 5212, 430 04 Chomutov<\/span><\/p>\n<p><span style=\"font-size: 12pt;\">Provoz \u0161koly: <strong>6:00 &#8211; 16:30 hod.<\/strong><\/span><\/p>\n<h3><span style=\"font-size: 12pt;\"><strong>Z\u00e1stupkyn\u011b \u0159editelky<\/strong><\/span><br \/>\n<span style=\"font-size: 12pt;\"><strong>Bc. Monika Chloupkov\u00e1<\/strong><\/span><\/h3>\n<p><span style=\"font-size: 12pt;\">Tel.: 474 661 158<\/span><br \/>\n<span style=\"font-size: 12pt;\">Mob.: 702 224 116<\/span><br \/>\n<span style=\"font-size: 12pt;\">E-mail: <a href=\"mailto:zastupkyne29ms@mschomutov.cz\">zastupkyne29ms@mschomutov.cz<\/a><\/span><\/p>\n<h3><\/h3>\n<h3><span style=\"font-size: 12pt;\"><strong>Vedouc\u00ed stravov\u00e1n\u00ed<\/strong><\/span><br \/>\n<span style=\"font-size: 12pt;\"><strong>Pavl\u00edna Kotrbov\u00e1<\/strong><\/span><\/h3>\n<p><span style=\"font-size: 12pt;\">Tel.: 474 661 158<\/span><br \/>\n<span style=\"font-size: 12pt;\">E-mail: <a href=\"mailto:jidelna13ms@mschomutov.cz\">jidelna29ms@mschomutov.cz<\/a><\/span><\/p>\n","protected":false},"excerpt":{"rendered":"<p>Mate\u0159sk\u00e1 \u0161kola Poh\u00e1dka \u0160koln\u00ed P\u011b\u0161ina 5212, 430 04 Chomutov Provoz \u0161koly: 6:00 &#8211; 16:30 hod. Z\u00e1stupkyn\u011b \u0159editelky Bc. Monika Chloupkov\u00e1 Tel.: 474 661 158 Mob.: 702 224 116 E-mail: zastupkyne29ms@mschomutov.cz Vedouc\u00ed stravov\u00e1n\u00ed Pavl\u00edna Kotrbov\u00e1 Tel.: 474 661 158 E-mail: jidelna29ms@mschomutov.cz<\/p>\n","protected":false},"author":1,"featured_media":0,"parent":0,"menu_order":2,"comment_status":"closed","ping_status":"closed","template":"","meta":{"_acf_changed":false,"footnotes":""},"class_list":["post-18","page","type-page","status-publish","hentry"],"acf":{"photo_gallery":{"fotogalerie":[[]]}},"_links":{"self":[{"href":"https:\/\/mscv.cz\/ms-pohadka\/wp-json\/wp\/v2\/pages\/18","targetHints":{"allow":["GET"]}}],"collection":[{"href":"https:\/\/mscv.cz\/ms-pohadka\/wp-json\/wp\/v2\/pages"}],"about":[{"href":"https:\/\/mscv.cz\/ms-pohadka\/wp-json\/wp\/v2\/types\/page"}],"author":[{"embeddable":true,"href":"https:\/\/mscv.cz\/ms-pohadka\/wp-json\/wp\/v2\/users\/1"}],"replies":[{"embeddable":true,"href":"https:\/\/mscv.cz\/ms-pohadka\/wp-json\/wp\/v2\/comments?post=18"}],"version-history":[{"count":8,"href":"https:\/\/mscv.cz\/ms-pohadka\/wp-json\/wp\/v2\/pages\/18\/revisions"}],"predecessor-version":[{"id":8429,"href":"https:\/\/mscv.cz\/ms-pohadka\/wp-json\/wp\/v2\/pages\/18\/revisions\/8429"}],"wp:attachment":[{"href":"https:\/\/mscv.cz\/ms-pohadka\/wp-json\/wp\/v2\/media?parent=18"}],"curies":[{"name":"wp","href":"https:\/\/api.w.org\/{rel}","templated":true}]}}