{"id":13,"date":"2021-08-14T12:20:02","date_gmt":"2021-08-14T10:20:02","guid":{"rendered":"https:\/\/mscv.cz\/ms-usmev\/?page_id=13"},"modified":"2026-02-16T09:09:48","modified_gmt":"2026-02-16T08:09:48","slug":"jidelnicek","status":"publish","type":"page","link":"https:\/\/mscv.cz\/ms-usmev\/jidelnicek\/","title":{"rendered":"J\u00eddeln\u00ed\u010dek"},"content":{"rendered":"<p>&nbsp;<\/p>\n<p>Hlavn\u00ed kucha\u0159ka: Petra Buvali\u010dov\u00e1\u00a0 \u00a0 \u00a0 \u00a0 \u00a0 \u00a0 \u00a0 \u00a0 \u00a0 \u00a0 \u00a0 \u00a0 \u00a0 \u00a0 \u00a0 \u00a0 \u00a0 \u00a0 \u00a0 \u00a0 \u00a0 \u00a0 \u00a0 \u00a0 \u00a0 \u00a0 \u00a0 \u00a0 \u00a0 \u00a0 Vedouc\u00ed stravov\u00e1n\u00ed: Michaela \u0158eh\u00e1kov\u00e1<\/p>\n<p>Tento t\u00fdden dost\u00e1vaj\u00ed d\u011bti tyto druhy zeleniny a ovoce: okurka, paprika, raj\u010de, m<span style=\"color: #000000\">rkev, ledov\u00fd sal\u00e1t, <\/span><span style=\"color: #000000\">jablko, ban\u00e1n, pomeran\u010d, hru\u0161ka.<\/span><\/p>\n<p>Seznam alergen\u016f publikovan\u00fd ve sm\u011brnici 2000\/89 ES od 13. 12. 2014 sm\u011brnic\u00ed 1169\/2011 EU<br \/>\nBli\u017e\u0161\u00ed informace o v\u00fdskytu alergen\u016f v konkr\u00e9tn\u00edm pokrmu \u017e\u00e1dejte u hlavn\u00ed kucha\u0159ky.<\/p>\n<p>Seznam alergenn\u00edch slo\u017eek:<br \/>\n1. obiloviny obsahuj\u00edc\u00ed lepek (tj. p\u0161enice, \u017eito, je\u010dmen, oves, p\u0161enice \u0161palda, kamut nebo jejich hybridn\u00ed odr\u016fdy) a v\u00fdrobky z nich<br \/>\n2. kor\u00fd\u0161i a v\u00fdrobky z nich<br \/>\n3. vejce a v\u00fdrobky z nich<br \/>\n4. ryby a v\u00fdrobky z nich<br \/>\n5. j\u00e1dra podzemnice olejn\u00e9 (ara\u0161\u00eddy) a v\u00fdrobky z nich<br \/>\n6. s\u00f3jov\u00e9 boby (s\u00f3ja) a v\u00fdrobky z nich<br \/>\n7. ml\u00e9ko a v\u00fdrobky z n\u011bj (v\u010detn\u011b lakt\u00f3zy)<br \/>\n8. such\u00e9 sko\u0159\u00e1pkov\u00e9 plody, tj. mandle, l\u00edskov\u00e9 o\u0159echy, vla\u0161sk\u00e9 o\u0159echy, ke\u0161u o\u0159echy, pekanov\u00e9 o\u0159echy, para o\u0159echy, pist\u00e1cie a v\u00fdrobky z nich<br \/>\n9. celer a v\u00fdrobky z n\u011bj<br \/>\n10. ho\u0159\u010dice a v\u00fdrobky z n\u00ed<br \/>\n11. sezamov\u00e1 semena (sezam) a v\u00fdrobky z nich<br \/>\n12. oxid si\u0159i\u010dit\u00fd a si\u0159i\u010ditany v koncentrac\u00edch vy\u0161\u0161\u00edch ne\u017e 10 mg\/kg nebo 10 mg\/l, vyj\u00e1d\u0159eno jako SO2<br \/>\n13. vl\u010d\u00ed bob (lupina) a v\u00fdrobky z n\u011bj<br \/>\n14. m\u011bkk\u00fd\u0161i a v\u00fdrobky z nich<\/p>\n<p>STRAVN\u00c9 A \u0160KOLN\u00c9<br \/>\nStravn\u00e9 a \u0161koln\u00e9 se vyb\u00edr\u00e1 do 25. dne v m\u011bs\u00edci na n\u00e1sleduj\u00edc\u00ed m\u011bs\u00edc.<br \/>\nD\u00edt\u011b, kter\u00e9 nebude m\u00edt v\u010das uhrazeno, nebude p\u0159ijato ke stravov\u00e1n\u00ed a doch\u00e1zce do M\u0160.<\/p>\n<p>Stravn\u00e9 a \u0161koln\u00e9 lze uhradit na \u00fa\u010det \u010d\u00edslo 4335027\/2700 (do 25. dne v m\u011bs\u00edci)<br \/>\nKe ka\u017ed\u00e9 platb\u011b, pros\u00edm, uv\u00e1d\u011bjte p\u0159id\u011blen\u00fd variabiln\u00ed symbol, kter\u00fd naleznete na rozhodnut\u00ed o p\u0159ijet\u00ed, pop\u0159\u00edpad\u011b V\u00e1m ho sd\u011bl\u00ed vedouc\u00ed \u0161koln\u00ed j\u00eddelny.<\/p>\n<p>Informace o v\u00fd\u0161i stravn\u00e9ho:<br \/>\nE mail: jidelna24ms@mschomutov.cz<br \/>\nTelefon: 474 656 301<\/p>\n<p>Z\u00e1loha na m\u011bs\u00edc \u00fanor 2026 pro 3-5 let\u00e9 d\u011bti (20 dn\u00ed) 800 K\u010d + 600 K\u010d \u0161koln\u00e9<br \/>\nZ\u00e1loha na m\u011bs\u00edc \u00fanor 2026 pro 6 let\u00e9 d\u011bti (20 dn\u00ed) 800 K\u010d<br \/>\nZ\u00e1loha na m\u011bs\u00edc \u00fanor 2026 pro 7 let\u00e9 d\u011bti (20 dn\u00ed) 900 K\u010d<\/p>\n<p>V\u00fd\u0161e stravn\u00e9ho pro 3-6 let\u00e9 d\u011bti<\/p>\n<p>p\u0159esn\u00edd\u00e1vka \u2013 10 K\u010d<br \/>\nob\u011bd \u2013 21 K\u010d<br \/>\nsva\u010dina \u2013 9 K\u010d<br \/>\n&#8212;&#8212;&#8212;&#8212;&#8212;&#8212;<br \/>\ncelkem 40,- K\u010d na den<\/p>\n<p>V\u00fd\u0161e stravn\u00e9ho pro 7 let\u00e9 d\u011bti<\/p>\n<p>p\u0159esn\u00edd\u00e1vka \u2013 11 K\u010d<br \/>\nob\u011bd \u2013 25 K\u010d<br \/>\nsva\u010dina \u2013 9 K\u010d<br \/>\n&#8212;&#8212;&#8212;&#8212;&#8212;&#8212;<br \/>\ncelkem 45,- K\u010d na den<\/p>\n","protected":false},"excerpt":{"rendered":"<p>&nbsp; Hlavn\u00ed kucha\u0159ka: Petra Buvali\u010dov\u00e1\u00a0 \u00a0 \u00a0 \u00a0 \u00a0 \u00a0 \u00a0 \u00a0 \u00a0 \u00a0 \u00a0 \u00a0 \u00a0 \u00a0 \u00a0 \u00a0 \u00a0 \u00a0 \u00a0 \u00a0 \u00a0 \u00a0 \u00a0 \u00a0 \u00a0 \u00a0 \u00a0 \u00a0 \u00a0 \u00a0 Vedouc\u00ed stravov\u00e1n\u00ed: Michaela \u0158eh\u00e1kov\u00e1 Tento t\u00fdden dost\u00e1vaj\u00ed d\u011bti tyto druhy zeleniny a ovoce: okurka, paprika, raj\u010de, mrkev, ledov\u00fd sal\u00e1t, jablko, ban\u00e1n, [&hellip;]<\/p>\n","protected":false},"author":1,"featured_media":0,"parent":0,"menu_order":2,"comment_status":"closed","ping_status":"closed","template":"","meta":{"_acf_changed":false,"footnotes":""},"class_list":["post-13","page","type-page","status-publish","hentry"],"acf":{"photo_gallery":{"fotogalerie":[[]]}},"_links":{"self":[{"href":"https:\/\/mscv.cz\/ms-usmev\/wp-json\/wp\/v2\/pages\/13","targetHints":{"allow":["GET"]}}],"collection":[{"href":"https:\/\/mscv.cz\/ms-usmev\/wp-json\/wp\/v2\/pages"}],"about":[{"href":"https:\/\/mscv.cz\/ms-usmev\/wp-json\/wp\/v2\/types\/page"}],"author":[{"embeddable":true,"href":"https:\/\/mscv.cz\/ms-usmev\/wp-json\/wp\/v2\/users\/1"}],"replies":[{"embeddable":true,"href":"https:\/\/mscv.cz\/ms-usmev\/wp-json\/wp\/v2\/comments?post=13"}],"version-history":[{"count":275,"href":"https:\/\/mscv.cz\/ms-usmev\/wp-json\/wp\/v2\/pages\/13\/revisions"}],"predecessor-version":[{"id":2523,"href":"https:\/\/mscv.cz\/ms-usmev\/wp-json\/wp\/v2\/pages\/13\/revisions\/2523"}],"wp:attachment":[{"href":"https:\/\/mscv.cz\/ms-usmev\/wp-json\/wp\/v2\/media?parent=13"}],"curies":[{"name":"wp","href":"https:\/\/api.w.org\/{rel}","templated":true}]}}