{"id":15,"date":"2021-08-14T12:20:57","date_gmt":"2021-08-14T10:20:57","guid":{"rendered":"https:\/\/mscv.cz\/ms-usmev\/?page_id=15"},"modified":"2021-08-14T13:49:47","modified_gmt":"2021-08-14T11:49:47","slug":"kontakt","status":"publish","type":"page","link":"https:\/\/mscv.cz\/ms-usmev\/kontakt\/","title":{"rendered":"Kontakt"},"content":{"rendered":"<p>Mate\u0159sk\u00e1 \u0161kola \u00dasm\u011bv<br \/>\n17. listopadu 4708, 430 04 Chomutov<\/p>\n<p>Provoz \u0161koly: <strong>6.00 &#8211; 16.30 hod<\/strong><\/p>\n<p>Tel.: 474 656 301<br \/>\nMob.: 702 224 031<br \/>\nE-mail: <a href=\"mailto:zastupkyne24ms@mschomutov.cz\">zastupkyne24ms@mschomutov.cz<\/a><\/p>\n<p>Z\u00e1stupkyn\u011b \u0159editelky<br \/>\nMgr. Hana Vite\u0161n\u00edkov\u00e1<\/p>\n","protected":false},"excerpt":{"rendered":"<p>Mate\u0159sk\u00e1 \u0161kola \u00dasm\u011bv 17. listopadu 4708, 430 04 Chomutov Provoz \u0161koly: 6.00 &#8211; 16.30 hod Tel.: 474 656 301 Mob.: 702 224 031 E-mail: zastupkyne24ms@mschomutov.cz Z\u00e1stupkyn\u011b \u0159editelky Mgr. Hana Vite\u0161n\u00edkov\u00e1<\/p>\n","protected":false},"author":1,"featured_media":0,"parent":0,"menu_order":0,"comment_status":"closed","ping_status":"closed","template":"","meta":{"_acf_changed":false,"footnotes":""},"class_list":["post-15","page","type-page","status-publish","hentry"],"acf":{"photo_gallery":{"fotogalerie":[[]]}},"_links":{"self":[{"href":"https:\/\/mscv.cz\/ms-usmev\/wp-json\/wp\/v2\/pages\/15","targetHints":{"allow":["GET"]}}],"collection":[{"href":"https:\/\/mscv.cz\/ms-usmev\/wp-json\/wp\/v2\/pages"}],"about":[{"href":"https:\/\/mscv.cz\/ms-usmev\/wp-json\/wp\/v2\/types\/page"}],"author":[{"embeddable":true,"href":"https:\/\/mscv.cz\/ms-usmev\/wp-json\/wp\/v2\/users\/1"}],"replies":[{"embeddable":true,"href":"https:\/\/mscv.cz\/ms-usmev\/wp-json\/wp\/v2\/comments?post=15"}],"version-history":[{"count":2,"href":"https:\/\/mscv.cz\/ms-usmev\/wp-json\/wp\/v2\/pages\/15\/revisions"}],"predecessor-version":[{"id":58,"href":"https:\/\/mscv.cz\/ms-usmev\/wp-json\/wp\/v2\/pages\/15\/revisions\/58"}],"wp:attachment":[{"href":"https:\/\/mscv.cz\/ms-usmev\/wp-json\/wp\/v2\/media?parent=15"}],"curies":[{"name":"wp","href":"https:\/\/api.w.org\/{rel}","templated":true}]}}