{"id":2,"date":"2021-04-20T09:17:55","date_gmt":"2021-04-20T07:17:55","guid":{"rendered":"https:\/\/dev.mscv.cz\/ms-usmev\/?page_id=2"},"modified":"2024-05-16T17:15:06","modified_gmt":"2024-05-16T15:15:06","slug":"zkusebni-stranka","status":"publish","type":"page","link":"https:\/\/mscv.cz\/ms-usmev\/","title":{"rendered":"Charakteristika \u0161koly"},"content":{"rendered":"<p><img loading=\"lazy\" decoding=\"async\" class=\"alignleft size-full wp-image-8\" src=\"https:\/\/mscv.cz\/ms-usmev\/wp-content\/uploads\/sites\/11\/2021\/08\/17-listopadu.jpg\" alt=\"\" width=\"240\" height=\"180\" \/><\/p>\n<p>Mate\u0159sk\u00e1 \u0161kola 17. listopadu vyu\u017e\u00edv\u00e1 neofici\u00e1ln\u00edho n\u00e1zvu <strong>&#8222;\u00daSM\u011aV&#8220;<\/strong> a je sou\u010d\u00e1st\u00ed pr\u00e1vn\u00edho subjektu Mate\u0159sk\u00e9 \u0161koly Chomutov, p\u0159\u00edsp\u011bvkov\u00e9 organizace. Provoz \u0161koly byl zah\u00e1jen 12.2.1979 jako jesle a M\u0160.<\/p>\n<p>M\u0160 je \u0161estit\u0159\u00eddn\u00ed s p\u00e9\u010d\u00ed o d\u011bti zdrav\u00e9 a kapacitou 153 m\u00edst. V sou\u010dasn\u00e9 dob\u011b\u00a0 jsou otev\u0159en\u00e9 jen \u010dty\u0159i t\u0159\u00eddy s celodenn\u00ed doch\u00e1zkou.<\/p>\n<p><strong>Provoz \u0161koly:<\/strong> celodenn\u00ed od 6:00 do 16:30 hodin.<\/p>\n<p><strong>T\u0159\u00eddy jsou heterogenn\u00ed (sm\u00ed\u0161en\u00e9).\u00a0<\/strong><\/p>\n<p><strong>Pracujeme v\u00a0nov\u00e9m v\u00fdukov\u00e9m programu \u201eZa\u010d\u00edt spolu\u201c<\/strong><\/p>\n<p>Tento program je v souladu s R\u00e1mcov\u00fdm vzd\u011bl\u00e1vac\u00edm programem pro p\u0159ed\u0161koln\u00ed vzd\u011bl\u00e1v\u00e1n\u00ed.<\/p>\n<p>1. t\u0159\u00edda U JE\u017dK\u016e &#8211; 24 d\u011bt\u00ed<br \/>\n2. t\u0159\u00edda U V\u010cELEK &#8211; 24 d\u011bt\u00ed<br \/>\n3. t\u0159\u00edda U MOT\u00ddLK\u016e &#8211; 24 d\u011bt\u00ed<br \/>\n4. t\u0159\u00edda U MRAVENE\u010cK\u016e &#8211; 24 d\u011bt\u00ed<\/p>\n<p>Mate\u0159sk\u00e1 \u0161kola se nach\u00e1z\u00ed uprost\u0159ed m\u011bsta v panelov\u00e9 z\u00e1stavb\u011b na s\u00eddli\u0161ti B\u0159ezeneck\u00e1, kter\u00e1 je dob\u0159e dostupn\u00e1. Lze k n\u00e1m p\u0159ijet automobilem i m\u011bstskou hromadnou dopravou. P\u0159\u00edmo v are\u00e1lu mate\u0159sk\u00e9 \u0161koly nelze parkovat, ale z\u00e1chytn\u00e1 parkovi\u0161t\u011b se nach\u00e1zej\u00ed v bl\u00edzkosti \u0161koly.<\/p>\n<p>Budova je panelov\u00e9ho typu dvoupodla\u017en\u00ed s\u00a0podzemn\u00edm podla\u017e\u00edm. V\u00a0suter\u00e9nu se nach\u00e1zej\u00ed ve\u0161ker\u00e9 skladov\u00e9 prostory, soci\u00e1ln\u00ed za\u0159\u00edzen\u00ed, pr\u00e1delna, su\u0161\u00e1rna s\u00a0mandlem, kancel\u00e1\u0159 vedouc\u00ed \u0161koln\u00edho stravov\u00e1n\u00ed a \u0161koln\u00ed kuchyn\u011b, vybavena konvektomatem, kter\u00fd zkvalitnil stravu v M\u0160. Nach\u00e1z\u00ed se zde i keramick\u00e1 d\u00edlna.<\/p>\n<p>V prvn\u00edm nadzemn\u00edm podla\u017e\u00ed se nach\u00e1z\u00ed vstupn\u00ed hala, kancel\u00e1\u0159 z\u00e1stupkyn\u011b \u0159editelky sou\u010d\u00e1sti, 1. t\u0159\u00edda s hernou a st\u00e1lou lo\u017enic\u00ed, 4. t\u0159\u00edda s hernou a spole\u010dnou kuchy\u0148kou pro ob\u011b t\u0159\u00eddy. Jsou zde i \u0161atny pro d\u011bti. Sou\u010d\u00e1st\u00ed prvn\u00edho patra jsou dv\u011b t\u0159\u00eddy, kter\u00e9 maj\u00ed sv\u016fj vlastn\u00ed vchod, \u0161atny, hygienick\u00e9 za\u0159\u00edzen\u00ed a kuchy\u0148ku pro vyd\u00e1v\u00e1n\u00ed j\u00eddla. Ve druh\u00e9m nadzemn\u00edm podla\u017e\u00ed jsou v\u017edy dv\u011b t\u0159\u00eddy o dvou m\u00edstnostech pro \u010dinnosti d\u011bt\u00ed, st\u00e1l\u00e9 lo\u017enice \u00a0a hygienick\u00e9 za\u0159\u00edzen\u00ed. Ob\u011b t\u0159\u00eddy jsou uprost\u0159ed propojeny spole\u010dnou kuchy\u0148kou, kde se vyd\u00e1vaj\u00ed potraviny.<\/p>\n<p>Ned\u00edlnou sou\u010d\u00e1st\u00ed M\u0160 je p\u0159ekvapiv\u011b velk\u00e1 zahrada, kter\u00e1 nab\u00edz\u00ed \u0159adu mo\u017enost\u00ed pobytu na \u010derstv\u00e9m vzduchu v\u00a0jak\u00e9mkoliv ro\u010dn\u00edm obdob\u00ed. Jej\u00ed rozloha vytv\u00e1\u0159\u00ed r\u016fzn\u00e1 z\u00e1kout\u00ed s\u00a0p\u00edskovi\u0161ti, alt\u00e1nem a dal\u0161\u00edmi prvky, je\u017e pln\u011b podporuj\u00ed t\u011blesn\u00fd a psychick\u00fd rozvoj d\u011bt\u00ed. Vzrostl\u00fdmi stromy se sna\u017e\u00edme vytvo\u0159it stinn\u00e1 z\u00e1kout\u00ed pot\u0159ebn\u00e1 pro pobyt d\u011bt\u00ed na zahrad\u011b v\u00a0letn\u00edch m\u011bs\u00edc\u00edch.<\/p>\n<p>Prohl\u00e9dn\u011bte si na\u0161i \u0161kolu v kr\u00e1tk\u00e9 videouk\u00e1zce.<\/p>\n<p><iframe loading=\"lazy\" title=\"M\u0160 Chomutov, \u00dasm\u011bv, 17  listopadu\" width=\"500\" height=\"281\" src=\"https:\/\/www.youtube.com\/embed\/O8Ph1jKge04?feature=oembed\" frameborder=\"0\" allow=\"accelerometer; autoplay; clipboard-write; encrypted-media; gyroscope; picture-in-picture; web-share\" referrerpolicy=\"strict-origin-when-cross-origin\" allowfullscreen><\/iframe><\/p>\n","protected":false},"excerpt":{"rendered":"<p>Mate\u0159sk\u00e1 \u0161kola 17. listopadu vyu\u017e\u00edv\u00e1 neofici\u00e1ln\u00edho n\u00e1zvu &#8222;\u00daSM\u011aV&#8220; a je sou\u010d\u00e1st\u00ed pr\u00e1vn\u00edho subjektu Mate\u0159sk\u00e9 \u0161koly Chomutov, p\u0159\u00edsp\u011bvkov\u00e9 organizace. Provoz \u0161koly byl zah\u00e1jen 12.2.1979 jako jesle a M\u0160. M\u0160 je \u0161estit\u0159\u00eddn\u00ed s p\u00e9\u010d\u00ed o d\u011bti zdrav\u00e9 a kapacitou 153 m\u00edst. V sou\u010dasn\u00e9 dob\u011b\u00a0 jsou otev\u0159en\u00e9 jen \u010dty\u0159i t\u0159\u00eddy s celodenn\u00ed doch\u00e1zkou. Provoz \u0161koly: celodenn\u00ed od 6:00 [&hellip;]<\/p>\n","protected":false},"author":1,"featured_media":0,"parent":0,"menu_order":4,"comment_status":"closed","ping_status":"open","template":"","meta":{"_acf_changed":false,"footnotes":""},"class_list":["post-2","page","type-page","status-publish","hentry"],"acf":{"photo_gallery":{"fotogalerie":[[]]}},"_links":{"self":[{"href":"https:\/\/mscv.cz\/ms-usmev\/wp-json\/wp\/v2\/pages\/2","targetHints":{"allow":["GET"]}}],"collection":[{"href":"https:\/\/mscv.cz\/ms-usmev\/wp-json\/wp\/v2\/pages"}],"about":[{"href":"https:\/\/mscv.cz\/ms-usmev\/wp-json\/wp\/v2\/types\/page"}],"author":[{"embeddable":true,"href":"https:\/\/mscv.cz\/ms-usmev\/wp-json\/wp\/v2\/users\/1"}],"replies":[{"embeddable":true,"href":"https:\/\/mscv.cz\/ms-usmev\/wp-json\/wp\/v2\/comments?post=2"}],"version-history":[{"count":9,"href":"https:\/\/mscv.cz\/ms-usmev\/wp-json\/wp\/v2\/pages\/2\/revisions"}],"predecessor-version":[{"id":2180,"href":"https:\/\/mscv.cz\/ms-usmev\/wp-json\/wp\/v2\/pages\/2\/revisions\/2180"}],"wp:attachment":[{"href":"https:\/\/mscv.cz\/ms-usmev\/wp-json\/wp\/v2\/media?parent=2"}],"curies":[{"name":"wp","href":"https:\/\/api.w.org\/{rel}","templated":true}]}}