{"id":17,"date":"2021-08-14T14:09:20","date_gmt":"2021-08-14T12:09:20","guid":{"rendered":"https:\/\/mscv.cz\/ms-zahradka\/?page_id=17"},"modified":"2025-09-03T12:42:39","modified_gmt":"2025-09-03T10:42:39","slug":"kontakt","status":"publish","type":"page","link":"https:\/\/mscv.cz\/ms-zahradka\/kontakt\/","title":{"rendered":"Kontakt"},"content":{"rendered":"<p>Mate\u0159sk\u00e1 \u0161kola Zahr\u00e1dka<br \/>\nKundratick\u00e1 4623, 430 04 Chomutov<\/p>\n<p>Provoz \u0161koly: <strong>6:00 &#8211; 16:30 hod<\/strong><\/p>\n<p>Tel.: 474 624 150<br \/>\nMob.: 702 224 066<br \/>\nE-mail: <a href=\"mailto:zastupkyne21ms@mschomutov.cz\">zastupkyne21ms@mschomutov.cz<\/a><\/p>\n<p>Z\u00e1stupkyn\u011b \u0159editelky<br \/>\nBc. Jana P\u00e9zrov\u00e1<\/p>\n","protected":false},"excerpt":{"rendered":"<p>Mate\u0159sk\u00e1 \u0161kola Zahr\u00e1dka Kundratick\u00e1 4623, 430 04 Chomutov Provoz \u0161koly: 6:00 &#8211; 16:30 hod Tel.: 474 624 150 Mob.: 702 224 066 E-mail: zastupkyne21ms@mschomutov.cz Z\u00e1stupkyn\u011b \u0159editelky Bc. Jana P\u00e9zrov\u00e1<\/p>\n","protected":false},"author":1,"featured_media":0,"parent":0,"menu_order":2,"comment_status":"closed","ping_status":"closed","template":"","meta":{"_acf_changed":false,"footnotes":""},"class_list":["post-17","page","type-page","status-publish","hentry"],"acf":{"photo_gallery":{"fotogalerie":[[]]}},"_links":{"self":[{"href":"https:\/\/mscv.cz\/ms-zahradka\/wp-json\/wp\/v2\/pages\/17","targetHints":{"allow":["GET"]}}],"collection":[{"href":"https:\/\/mscv.cz\/ms-zahradka\/wp-json\/wp\/v2\/pages"}],"about":[{"href":"https:\/\/mscv.cz\/ms-zahradka\/wp-json\/wp\/v2\/types\/page"}],"author":[{"embeddable":true,"href":"https:\/\/mscv.cz\/ms-zahradka\/wp-json\/wp\/v2\/users\/1"}],"replies":[{"embeddable":true,"href":"https:\/\/mscv.cz\/ms-zahradka\/wp-json\/wp\/v2\/comments?post=17"}],"version-history":[{"count":3,"href":"https:\/\/mscv.cz\/ms-zahradka\/wp-json\/wp\/v2\/pages\/17\/revisions"}],"predecessor-version":[{"id":11447,"href":"https:\/\/mscv.cz\/ms-zahradka\/wp-json\/wp\/v2\/pages\/17\/revisions\/11447"}],"wp:attachment":[{"href":"https:\/\/mscv.cz\/ms-zahradka\/wp-json\/wp\/v2\/media?parent=17"}],"curies":[{"name":"wp","href":"https:\/\/api.w.org\/{rel}","templated":true}]}}