{"id":2,"date":"2021-04-19T17:24:31","date_gmt":"2021-04-19T15:24:31","guid":{"rendered":"https:\/\/dev.mscv.cz\/ms-zahradka\/?page_id=2"},"modified":"2024-05-20T08:49:29","modified_gmt":"2024-05-20T06:49:29","slug":"zkusebni-stranka","status":"publish","type":"page","link":"https:\/\/mscv.cz\/ms-zahradka\/","title":{"rendered":"Charakteristika \u0161koly"},"content":{"rendered":"<p><img loading=\"lazy\" decoding=\"async\" class=\"alignleft size-full wp-image-9\" src=\"https:\/\/mscv.cz\/ms-zahradka\/wp-content\/uploads\/sites\/9\/2021\/08\/kundraticka.jpg\" alt=\"\" width=\"240\" height=\"180\" \/><\/p>\n<p>Mate\u0159sk\u00e1 \u0161kola Kundratick\u00e1 4622,4623 s neofici\u00e1ln\u00edm n\u00e1zvem \u201eZAHR\u00c1DKA\u201c byla otev\u0159ena v listopadu v roce 1979. Jej\u00ed sou\u010d\u00e1st\u00ed byly tehdy i jesle. M\u0160 m\u00e1 dv\u011b budovy ozna\u010den\u00e9 A a B. Budova B byla p\u016fvodn\u011b jeslov\u00fdm za\u0159\u00edzen\u00edm, pozd\u011bji upraven\u00fdm k \u00fa\u010del\u016fm M\u0160. Od roku 2003 je \u0161kola sou\u010d\u00e1st\u00ed pr\u00e1vn\u00edho subjektu Mate\u0159sk\u00e1 \u0161kola Chomutov, p\u0159\u00edsp\u011bvkov\u00e1 organizace.<\/p>\n<p>PROVOZ \u0160KOLY: 6.00 hod &#8211; 16.30 hod<br \/>\nKapacita \u0161koly je 124 d\u011bt\u00ed v p\u011bti t\u0159\u00edd\u00e1ch.<\/p>\n<p>V budov\u011b B se nach\u00e1zej\u00ed tyto t\u0159\u00eddy:<br \/>\n1.t\u0159\u00edda &#8211; BROU\u010cCI &#8211; 20 d\u011bt\u00ed ve v\u011bkov\u00e9 skupin\u011b 2,5 &#8211; 3,5 roku<br \/>\n2.t\u0159\u00edda &#8211; \u017dABI\u010cKY &#8211; 20 d\u011bt\u00ed ve v\u011bkov\u00e9 skupin\u011b 2,5 &#8211; 3,5 roku<br \/>\nTato budova m\u00e1 provoz od 6.30 hod do 15.30 hod<br \/>\nD\u011bti, kter\u00e9 doch\u00e1zej\u00ed do M\u0160 d\u0159\u00edve, se sch\u00e1zej\u00ed v budov\u011b A, kde si je vyzvedne pan\u00ed u\u010ditelka a p\u0159evede do sv\u00e9 t\u0159\u00eddy v budov\u011b B. D\u011bti, kter\u00e9 odch\u00e1zej\u00ed z budovy B po 15.30 hod, p\u0159evede pan\u00ed u\u010ditelka do budovy A, kde si je vyzvedne z\u00e1konn\u00fd z\u00e1stupce d\u00edt\u011bte nebo j\u00edm pov\u011b\u0159en\u00e1 osoba.<\/p>\n<p>V budov\u011b A jsou um\u00edst\u011bny tyto t\u0159\u00eddy:<br \/>\n3.t\u0159\u00edda &#8211; BERU\u0160KY &#8211; 28 d\u011bt\u00ed ve v\u011bkov\u00e9 skupin\u011b 3,5 &#8211; 5 let<br \/>\n4.t\u0159\u00edda &#8211; \u010cMEL\u00c1\u010cCI &#8211; 28 d\u011bt\u00ed ve v\u011bkov\u00e9 skupin\u011b od 4,5 &#8211; 6 let<br \/>\n5.t\u0159\u00edda &#8211; MOT\u00ddLCI &#8211; 28 d\u011bt\u00ed ve v\u011bkov\u00e9 skupin\u011b 5 &#8211; 7 let<\/p>\n<p>Ob\u011b budovy se nach\u00e1z\u00ed uprost\u0159ed velk\u00e9 zahrady, kter\u00e1 je nov\u011b vybavena velk\u00fdm hern\u00edm prvkem kosmick\u00e9 rakety a barevn\u00fdmi dopadov\u00fdmi plochami, kter\u00e9 d\u011btem slou\u017e\u00ed ke sportov\u00e1n\u00ed i hr\u00e1m. V zahrad\u011b jsou tak\u00e9 3D hern\u00edmi prvky.\u00a0 \u010clenitost zahrady dovoluje vyu\u017e\u00edt prostor k funk\u010dn\u00edm, estetick\u00fdm a pro\u017eitkov\u00fdm variant\u00e1m v\u00fdchovn\u00fdch \u010dinnost\u00ed. M\u0160 je za\u010dlen\u011bna do panelov\u00e9 z\u00e1stavby mimo hlavn\u00ed silni\u010dn\u00ed tahy v bl\u00edzkosti Podkru\u0161nohorsk\u00e9ho Zooparku, kter\u00fd je d\u011btmi a pedagogy hojn\u011b vyu\u017e\u00edv\u00e1n k pobyt\u016fm venku tematicky zam\u011b\u0159en\u00fdm. V bl\u00edzkosti M\u0160 jsou zast\u00e1vky m\u011bstsk\u00e9 hromadn\u00e9 dopravy pro trolejbusovou i autobusovou dopravu. P\u0159ed hlavn\u00ed budovou M\u0160 je parkovi\u0161t\u011b, kter\u00e9 mohou vyu\u017e\u00edvat rodi\u010de d\u011bt\u00ed, kter\u00e9 k n\u00e1m jezd\u00ed ze vzd\u00e1len\u011bj\u0161\u00edch m\u00edst. Mate\u0159sk\u00e1 \u0161kola m\u00e1 od roku 2007 novou fas\u00e1du a plastov\u00e1 okna. V dal\u0161\u00edch letech byly renovov\u00e1ny koupelny a toalety na v\u0161ech t\u0159\u00edd\u00e1ch a t\u00edm i nav\u00fd\u0161en\u00e1 kapacita \u0161koly. U v\u0161ech p\u011bti t\u0159\u00edd jsou nov\u011b vybaven\u00e9 mal\u00e9 kuchy\u0148ky &#8211; takzvan\u00e9 p\u0159\u00edpravny. Ve v\u0161ech t\u0159\u00edd\u00e1ch jsou nov\u00e9 podlahov\u00e9 krytiny, kryty na topen\u00ed a funk\u010dn\u00ed n\u00e1bytek vyhovuj\u00edc\u00ed pot\u0159eb\u00e1m d\u011bt\u00ed. Postupn\u011b jsou t\u0159\u00eddy dovybavov\u00e1ny dal\u0161\u00edm didaktick\u00fdm materi\u00e1lem k rozvoji d\u011bt\u00ed.<br \/>\nV budov\u011b B, kde jsou t\u0159\u00eddy pro mlad\u0161\u00ed v\u011bkovou skupinu, je vybaven\u00ed s ohledem pr\u00e1v\u011b na tuto v\u011bkovou skupinu a ob\u011b t\u0159\u00eddy maj\u00ed bezbarierov\u00e9 vstupy a verandy. Veranda u 1.t\u0159\u00eddy m\u00e1 ji\u017e novou dopadovou plochu, tak\u017ee j\u00ed mohou pedagogov\u00e9 vyu\u017e\u00edvat i v dopoledn\u00edm vzd\u011bl\u00e1vac\u00edm bloku.<\/p>\n<p>V hlavn\u00ed budov\u011b A je velk\u00e1 prostorn\u00e1 hala, kter\u00e1 b\u00fdv\u00e1 vyu\u017e\u00edv\u00e1na jak k v\u00fdstav\u00e1m v\u00fdtvarn\u00fdch \u010dinnost\u00ed d\u011bt\u00ed, tak k p\u011bveck\u00fdm koncert\u016fm sboru na\u0161\u00ed M\u0160. Naproti vchodu je vstup do d\u011btsk\u00e9 \u0161atny n\u00e1le\u017e\u00edc\u00ed ke 3.t\u0159\u00edd\u011b BERU\u0160EK. Ze \u0161atny se jde p\u0159es d\u011btskou um\u00fdv\u00e1rnu do t\u0159\u00eddy. T\u0159\u00edda je propojena s hernou, ze kter\u00e9 jsou dve\u0159e do lo\u017enice.<br \/>\nRovn\u011b\u017e se v p\u0159\u00edzem\u00ed po lev\u00e9 stran\u011b nach\u00e1z\u00ed vchod do spojovac\u00ed chodby, ze kter\u00e9 jsou p\u0159\u00edstupy do \u0161koln\u00ed kuchyn\u011b, kter\u00e1 je modern\u011b za\u0159\u00edzena s velk\u00fdm myc\u00edm centrem. Jsou zde sklady potravin a sklad materi\u00e1lu, pr\u00e1delna vybaven\u00e1 nov\u00fdmi pra\u010dkami, mandlovna, sklep a m\u00edstnosti pro provozn\u00ed zam\u011bstnance a zam\u011bstnance kuchyn\u011b. V roce 2012 byla kuchyn\u011b vybavena konvektomatem, kde na\u0161e pan\u00ed kucha\u0159ky p\u0159ipravuj\u00ed zdravou a chutnou stravu pro d\u011bti dle p\u0159\u00edsn\u00fdch hygienick\u00fdch norem.<\/p>\n<p><iframe loading=\"lazy\" title=\"M\u0160 Chomutov, Zahr\u00e1dka, Kundratick\u00e1 ulice\" width=\"500\" height=\"281\" src=\"https:\/\/www.youtube.com\/embed\/WBebqvfopnQ?feature=oembed\" frameborder=\"0\" allow=\"accelerometer; autoplay; clipboard-write; encrypted-media; gyroscope; picture-in-picture; web-share\" referrerpolicy=\"strict-origin-when-cross-origin\" allowfullscreen><\/iframe><\/p>\n<p>V prvn\u00edm pat\u0159e je naproti schod\u016fm kancel\u00e1\u0159 z\u00e1stupkyn\u011b \u0159editelky M\u0160 Chomutov na t\u00e9to sou\u010d\u00e1sti a po prav\u00e9 stran\u011b vchod do d\u011btsk\u00e9 \u0161atny 4.t\u0159\u00eddy \u010cMEL\u00c1\u010cK\u016e. I tato t\u0159\u00edda je prostorov\u011b \u0159e\u0161ena jako t\u0159\u00edda BERU\u0160EK. Ve t\u0159\u00edd\u011b je podlaha ze speci\u00e1ln\u00edho d\u0159ev\u011bn\u00e9ho materi\u00e1lu MARMOLEUM, kter\u00fd je vhodn\u00fd pro d\u011bti s alergick\u00fdmi probl\u00e9my.<br \/>\nV druh\u00e9m pat\u0159e naproti schod\u016fm je vchod do kabinetu pedagog\u016f, kter\u00fd je vybaven PC sestavou s internetem, kop\u00edrkou, kter\u00e1 je vyu\u017e\u00edv\u00e1na k pracovn\u00edm list\u016fm pro d\u011bti, v\u00fdtvarn\u00fdm a didaktick\u00fdm materi\u00e1lem. Po prav\u00e9 stran\u011b je vchod do d\u011btsk\u00e9 \u0161atny 5.t\u0159\u00eddy MOT\u00ddLK\u016e.<br \/>\nI tato t\u0159\u00edda je prostorov\u011b \u010dlen\u011bna jako dv\u011b p\u0159edchoz\u00ed, jen s tou v\u00fdjimkou, \u017ee lo\u017enice je p\u0159ebudov\u00e1na na t\u011blocvi\u010dnu a pro pot\u0159eby relaxace d\u011bt\u00ed jsou zde stahovateln\u00e1 leh\u00e1tka &#8211; matrace.<br \/>\nP\u0159es zahradu se jde do budovy B, kter\u00e1 byla p\u016fvodn\u011b jeslovou budovou, postupn\u011b p\u0159estav\u011bnou pro pot\u0159eby M\u0160. M\u00e1 dv\u011b t\u0159\u00eddy. Ka\u017ed\u00e1 t\u0159\u00edda m\u00e1 sv\u016fj vlastn\u00ed vchod, kter\u00fd vede do d\u011btsk\u00e9 \u0161atny. Ze \u0161atny se projde chodbou s v\u00fdstavou prac\u00ed d\u011bt\u00ed a p\u0159es malou hernu do velk\u00e9 herny, kter\u00e1 je z poloviny vyu\u017e\u00edv\u00e1na jako t\u0159\u00edda, kde d\u011bti stoluj\u00ed. Po prav\u00e9 stran\u011b je vchod do mal\u00e9 t\u0159\u00eddy, slou\u017e\u00edc\u00ed jako v\u00fdtvarn\u00fd a pracovn\u00ed atelier. Po lev\u00e9 stran\u011b je vstup do d\u011btsk\u00e9 koupelny a na d\u011btsk\u00e9 toalety, odtud se jde do prostor, kter\u00e9 slou\u017e\u00ed jak ke hran\u00ed tak jako mobiln\u00ed lo\u017enice. Z t\u00e9to prostorn\u00e9 herny je \u00fanikov\u00fd v\u00fdchod balk\u00f3nov\u00fdmi dve\u0159mi na verandu budovy a bezbari\u00e9rov\u00fdm p\u0159\u00edstupem do zahrady \u0161koly. T\u0159\u00eddou se d\u00e1 proj\u00edt do mal\u00e9 kuchy\u0148ky, kde je d\u011btem pod\u00e1v\u00e1na strava p\u0159inesena ve speci\u00e1ln\u00edch termo n\u00e1dob\u00e1ch ze \u0161koln\u00ed j\u00eddelny z budovy A.<br \/>\nZ hlavn\u00ed herny se projde chodbou, kde je prostorn\u00fd kabinet s didaktick\u00fdm materi\u00e1lem pro pedagogy. Tak\u00e9 \u201e kulis\u00e1rna\u201c, kde jsou uschov\u00e1ny kulisy a kost\u00fdmy pro dosp\u011bl\u00e9 na zaji\u0161t\u011bn\u00ed akc\u00ed po\u0159\u00e1dan\u00fdch \u0161kolou pro d\u011bti, ale i kost\u00fdmy pro d\u011bti na vystoupen\u00ed \u0161koln\u00edho p\u011bveck\u00e9ho sboru i divadeln\u00ed p\u0159edstaven\u00ed, kter\u00e9 hraj\u00ed d\u011bti p\u0159ev\u00e1\u017en\u011b z p\u0159ed\u0161koln\u00edch t\u0159\u00edd. Dal\u0161\u00ed prostor je vy\u010dlen\u011bn pro hra\u010dky vyu\u017e\u00edvan\u00e9 na hry na p\u00edskovi\u0161ti.<br \/>\nZ kuchy\u0148ky je vchod do herny do 1. t\u0159\u00eddy BROU\u010cK\u016e, kter\u00e1 je stejn\u011b prostorov\u011b \u010dlen\u011bna a vybavena jako 2. t\u0159\u00edda \u017dABI\u010cEK.<br \/>\nS d\u011btmi pracuj\u00ed kvalifikovan\u00ed pedagogov\u00e9 dle \u0161koln\u00edho vzd\u011bl\u00e1vac\u00edho programu M\u0160 Zahr\u00e1dka, kter\u00fd je zast\u0159e\u0161en \u0161koln\u00edm vzd\u011bl\u00e1vac\u00edm programem M\u0160 Chomutov, kter\u00fd je v souladu s RVP PV<\/p>\n<p>Otev\u0159eny jsou v\u0161echny t\u0159\u00eddy.<\/p>\n<p>Ve t\u0159\u00edd\u00e1ch se sna\u017e\u00edme zachovat stejn\u00e9 v\u011bkov\u00e9 skupiny.<br \/>\nNa\u0161e mate\u0159sk\u00e1 \u0161kola spolupracuje se z\u00e1kladn\u00ed \u0161kolou na B\u0159ezeneck\u00e9, kde si s tamn\u00edmi pedagogy vym\u011b\u0148ujeme zku\u0161enosti, zveme d\u011bti z prvn\u00edch t\u0159\u00edd k n\u00e1m na na r\u016fzn\u00e1 p\u0159edstaven\u00ed, kter\u00e9 hraj\u00ed a zp\u00edvaj\u00ed na\u0161e d\u011bti a na\u0161e d\u011bti k nim chod\u00ed na uk\u00e1zkov\u00e9 hodiny. Pan\u00ed u\u010ditelky z prvn\u00edch t\u0159\u00edd d\u011blaj\u00ed informativn\u00ed sch\u016fzku pro rodi\u010de budouc\u00edch prv\u0148\u00e1\u010dk\u016f. Tak\u00e9 spolupracujeme se Z\u00e1kladn\u00ed a Mate\u0159skou \u0161kolou v ulici 17. listopadu, kam na\u0161e d\u011bt\u00ed doch\u00e1zej\u00ed s pedagogy do t\u011blocvi\u010dny, kde realizuj\u00ed pohybov\u00e9 aktivity. Dal\u0161\u00ed spolupr\u00e1ci m\u00e1me s\u00a0 M\u011bstskou polici\u00ed, Hasi\u010di, Z\u00e1kladn\u00ed um\u011bleckou \u0161kolou, Plaveckou \u0161kolou, s PPP, Domem d\u011bt\u00ed a dal\u0161\u00edmi organizacemi dle smluvn\u00edch vztah\u016f.<\/p>\n<p>Nahl\u00e9dn\u011bte k n\u00e1m pomoc\u00ed kr\u00e1tk\u00e9 videouk\u00e1zky.<\/p>\n","protected":false},"excerpt":{"rendered":"<p>Mate\u0159sk\u00e1 \u0161kola Kundratick\u00e1 4622,4623 s neofici\u00e1ln\u00edm n\u00e1zvem \u201eZAHR\u00c1DKA\u201c byla otev\u0159ena v listopadu v roce 1979. Jej\u00ed sou\u010d\u00e1st\u00ed byly tehdy i jesle. M\u0160 m\u00e1 dv\u011b budovy ozna\u010den\u00e9 A a B. Budova B byla p\u016fvodn\u011b jeslov\u00fdm za\u0159\u00edzen\u00edm, pozd\u011bji upraven\u00fdm k \u00fa\u010del\u016fm M\u0160. Od roku 2003 je \u0161kola sou\u010d\u00e1st\u00ed pr\u00e1vn\u00edho subjektu Mate\u0159sk\u00e1 \u0161kola Chomutov, p\u0159\u00edsp\u011bvkov\u00e1 organizace. PROVOZ \u0160KOLY: [&hellip;]<\/p>\n","protected":false},"author":1,"featured_media":0,"parent":0,"menu_order":4,"comment_status":"closed","ping_status":"open","template":"","meta":{"_acf_changed":false,"footnotes":""},"class_list":["post-2","page","type-page","status-publish","hentry"],"acf":{"photo_gallery":{"fotogalerie":[[]]}},"_links":{"self":[{"href":"https:\/\/mscv.cz\/ms-zahradka\/wp-json\/wp\/v2\/pages\/2","targetHints":{"allow":["GET"]}}],"collection":[{"href":"https:\/\/mscv.cz\/ms-zahradka\/wp-json\/wp\/v2\/pages"}],"about":[{"href":"https:\/\/mscv.cz\/ms-zahradka\/wp-json\/wp\/v2\/types\/page"}],"author":[{"embeddable":true,"href":"https:\/\/mscv.cz\/ms-zahradka\/wp-json\/wp\/v2\/users\/1"}],"replies":[{"embeddable":true,"href":"https:\/\/mscv.cz\/ms-zahradka\/wp-json\/wp\/v2\/comments?post=2"}],"version-history":[{"count":10,"href":"https:\/\/mscv.cz\/ms-zahradka\/wp-json\/wp\/v2\/pages\/2\/revisions"}],"predecessor-version":[{"id":8162,"href":"https:\/\/mscv.cz\/ms-zahradka\/wp-json\/wp\/v2\/pages\/2\/revisions\/8162"}],"wp:attachment":[{"href":"https:\/\/mscv.cz\/ms-zahradka\/wp-json\/wp\/v2\/media?parent=2"}],"curies":[{"name":"wp","href":"https:\/\/api.w.org\/{rel}","templated":true}]}}